{"id":5707,"date":"2024-05-14T14:23:25","date_gmt":"2024-05-14T12:23:25","guid":{"rendered":"https:\/\/mivgo.pl\/sklep\/?post_type=product&#038;p=5707"},"modified":"2024-05-14T14:48:27","modified_gmt":"2024-05-14T12:48:27","slug":"rura-karbowana-typu-qrk-50-25-flex-450n-niebieska-25-m","status":"publish","type":"product","link":"https:\/\/mivgo.pl\/sklep\/product\/rura-karbowana-typu-qrk-50-25-flex-450n-niebieska-25-m\/","title":{"rendered":"Rura karbowana typu QRK 50\/25 FLEX 450N niebieska 25 m"},"content":{"rendered":"<p><strong>Rura karbowana typu QRK 50\/25 FLEX 450N niebieska 25 m<\/strong><\/p>\n<p>Rura os\u0142onowa przeznaczona jest do ochrony kabli uk\u0142adanych w ziemi w wykopach otwartych. Rura dwu\u015bcienna, karbowana, posiada wysok\u0105 odporno\u015b\u0107 na \u015bciskanie (powy\u017cej 450N).<\/p>\n","protected":false},"excerpt":{"rendered":"<p>Rura karbowana typu QRK 50\/25 FLEX 450N niebieska 25 m Rura os\u0142onowa przeznaczona jest do ochrony kabli uk\u0142adanych w ziemi w wykopach otwartych. Rura dwu\u015bcienna, karbowana, posiada wysok\u0105 odporno\u015b\u0107 na<\/p>\n","protected":false},"featured_media":5714,"comment_status":"open","ping_status":"closed","template":"","meta":{"_acf_changed":false},"product_brand":[],"product_cat":[239],"product_tag":[],"class_list":{"0":"post-5707","1":"product","2":"type-product","3":"status-publish","4":"has-post-thumbnail","6":"product_cat-rury-oslonowe","7":"product_shipping_class-panele-paleta","9":"first","10":"instock","11":"taxable","12":"shipping-taxable","13":"purchasable","14":"product-type-simple"},"acf":[],"yoast_head":"<!-- This site is optimized with the Yoast SEO plugin v27.2 - https:\/\/yoast.com\/product\/yoast-seo-wordpress\/ -->\n<title>Rura karbowana typu QRK 50\/25 FLEX 450N niebieska 25 m - mivgo.pl<\/title>\n<meta name=\"robots\" content=\"index, follow, max-snippet:-1, max-image-preview:large, max-video-preview:-1\" \/>\n<link rel=\"canonical\" href=\"https:\/\/mivgo.pl\/sklep\/product\/rura-karbowana-typu-qrk-50-25-flex-450n-niebieska-25-m\/\" \/>\n<meta property=\"og:locale\" content=\"pl_PL\" \/>\n<meta property=\"og:type\" content=\"article\" \/>\n<meta property=\"og:title\" content=\"Rura karbowana typu QRK 50\/25 FLEX 450N niebieska 25 m - mivgo.pl\" \/>\n<meta property=\"og:description\" content=\"Rura karbowana typu QRK 50\/25 FLEX 450N niebieska 25 m Rura os\u0142onowa przeznaczona jest do ochrony kabli uk\u0142adanych w ziemi w wykopach otwartych. Rura dwu\u015bcienna, karbowana, posiada wysok\u0105 odporno\u015b\u0107 na\" \/>\n<meta property=\"og:url\" content=\"https:\/\/mivgo.pl\/sklep\/product\/rura-karbowana-typu-qrk-50-25-flex-450n-niebieska-25-m\/\" \/>\n<meta property=\"og:site_name\" content=\"mivgo.pl\" \/>\n<meta property=\"article:modified_time\" content=\"2024-05-14T12:48:27+00:00\" \/>\n<meta property=\"og:image\" content=\"https:\/\/mivgo.pl\/sklep\/wp-content\/uploads\/2024\/05\/Rura-oslonowa-karbowana-QRK-50_25-flex-MIVGO-3.png\" \/>\n\t<meta property=\"og:image:width\" content=\"710\" \/>\n\t<meta property=\"og:image:height\" content=\"710\" \/>\n\t<meta property=\"og:image:type\" content=\"image\/png\" \/>\n<meta name=\"twitter:card\" content=\"summary_large_image\" \/>\n<meta name=\"twitter:label1\" content=\"Szacowany czas czytania\" \/>\n\t<meta name=\"twitter:data1\" content=\"1 minuta\" \/>\n<script type=\"application\/ld+json\" class=\"yoast-schema-graph\">{\"@context\":\"https:\/\/schema.org\",\"@graph\":[{\"@type\":\"WebPage\",\"@id\":\"https:\/\/mivgo.pl\/sklep\/product\/rura-karbowana-typu-qrk-50-25-flex-450n-niebieska-25-m\/\",\"url\":\"https:\/\/mivgo.pl\/sklep\/product\/rura-karbowana-typu-qrk-50-25-flex-450n-niebieska-25-m\/\",\"name\":\"Rura karbowana typu QRK 50\/25 FLEX 450N niebieska 25 m - mivgo.pl\",\"isPartOf\":{\"@id\":\"https:\/\/mivgo.pl\/sklep\/#website\"},\"primaryImageOfPage\":{\"@id\":\"https:\/\/mivgo.pl\/sklep\/product\/rura-karbowana-typu-qrk-50-25-flex-450n-niebieska-25-m\/#primaryimage\"},\"image\":{\"@id\":\"https:\/\/mivgo.pl\/sklep\/product\/rura-karbowana-typu-qrk-50-25-flex-450n-niebieska-25-m\/#primaryimage\"},\"thumbnailUrl\":\"https:\/\/mivgo.pl\/sklep\/wp-content\/uploads\/2024\/05\/Rura-oslonowa-karbowana-QRK-50_25-flex-MIVGO-3.png\",\"datePublished\":\"2024-05-14T12:23:25+00:00\",\"dateModified\":\"2024-05-14T12:48:27+00:00\",\"breadcrumb\":{\"@id\":\"https:\/\/mivgo.pl\/sklep\/product\/rura-karbowana-typu-qrk-50-25-flex-450n-niebieska-25-m\/#breadcrumb\"},\"inLanguage\":\"pl-PL\",\"potentialAction\":[{\"@type\":\"ReadAction\",\"target\":[\"https:\/\/mivgo.pl\/sklep\/product\/rura-karbowana-typu-qrk-50-25-flex-450n-niebieska-25-m\/\"]}]},{\"@type\":\"ImageObject\",\"inLanguage\":\"pl-PL\",\"@id\":\"https:\/\/mivgo.pl\/sklep\/product\/rura-karbowana-typu-qrk-50-25-flex-450n-niebieska-25-m\/#primaryimage\",\"url\":\"https:\/\/mivgo.pl\/sklep\/wp-content\/uploads\/2024\/05\/Rura-oslonowa-karbowana-QRK-50_25-flex-MIVGO-3.png\",\"contentUrl\":\"https:\/\/mivgo.pl\/sklep\/wp-content\/uploads\/2024\/05\/Rura-oslonowa-karbowana-QRK-50_25-flex-MIVGO-3.png\",\"width\":710,\"height\":710},{\"@type\":\"BreadcrumbList\",\"@id\":\"https:\/\/mivgo.pl\/sklep\/product\/rura-karbowana-typu-qrk-50-25-flex-450n-niebieska-25-m\/#breadcrumb\",\"itemListElement\":[{\"@type\":\"ListItem\",\"position\":1,\"name\":\"Strona g\u0142\u00f3wna\",\"item\":\"https:\/\/mivgo.pl\/sklep\/\"},{\"@type\":\"ListItem\",\"position\":2,\"name\":\"Sklep\",\"item\":\"https:\/\/mivgo.pl\/sklep\/sklep\/\"},{\"@type\":\"ListItem\",\"position\":3,\"name\":\"Rura karbowana typu QRK 50\/25 FLEX 450N niebieska 25 m\"}]},{\"@type\":\"WebSite\",\"@id\":\"https:\/\/mivgo.pl\/sklep\/#website\",\"url\":\"https:\/\/mivgo.pl\/sklep\/\",\"name\":\"mivgo.pl\",\"description\":\"\",\"publisher\":{\"@id\":\"https:\/\/mivgo.pl\/sklep\/#organization\"},\"potentialAction\":[{\"@type\":\"SearchAction\",\"target\":{\"@type\":\"EntryPoint\",\"urlTemplate\":\"https:\/\/mivgo.pl\/sklep\/?s={search_term_string}\"},\"query-input\":{\"@type\":\"PropertyValueSpecification\",\"valueRequired\":true,\"valueName\":\"search_term_string\"}}],\"inLanguage\":\"pl-PL\"},{\"@type\":\"Organization\",\"@id\":\"https:\/\/mivgo.pl\/sklep\/#organization\",\"name\":\"MIVGO sp. z o.o.\",\"alternateName\":\"MIVGO\",\"url\":\"https:\/\/mivgo.pl\/sklep\/\",\"logo\":{\"@type\":\"ImageObject\",\"inLanguage\":\"pl-PL\",\"@id\":\"https:\/\/mivgo.pl\/sklep\/#\/schema\/logo\/image\/\",\"url\":\"https:\/\/mivgo.pl\/sklep\/wp-content\/uploads\/2023\/04\/logo-Mivgo.png\",\"contentUrl\":\"https:\/\/mivgo.pl\/sklep\/wp-content\/uploads\/2023\/04\/logo-Mivgo.png\",\"width\":700,\"height\":700,\"caption\":\"MIVGO sp. z o.o.\"},\"image\":{\"@id\":\"https:\/\/mivgo.pl\/sklep\/#\/schema\/logo\/image\/\"}}]}<\/script>\n<!-- \/ Yoast SEO plugin. -->","yoast_head_json":{"title":"Rura karbowana typu QRK 50\/25 FLEX 450N niebieska 25 m - mivgo.pl","robots":{"index":"index","follow":"follow","max-snippet":"max-snippet:-1","max-image-preview":"max-image-preview:large","max-video-preview":"max-video-preview:-1"},"canonical":"https:\/\/mivgo.pl\/sklep\/product\/rura-karbowana-typu-qrk-50-25-flex-450n-niebieska-25-m\/","og_locale":"pl_PL","og_type":"article","og_title":"Rura karbowana typu QRK 50\/25 FLEX 450N niebieska 25 m - mivgo.pl","og_description":"Rura karbowana typu QRK 50\/25 FLEX 450N niebieska 25 m Rura os\u0142onowa przeznaczona jest do ochrony kabli uk\u0142adanych w ziemi w wykopach otwartych. Rura dwu\u015bcienna, karbowana, posiada wysok\u0105 odporno\u015b\u0107 na","og_url":"https:\/\/mivgo.pl\/sklep\/product\/rura-karbowana-typu-qrk-50-25-flex-450n-niebieska-25-m\/","og_site_name":"mivgo.pl","article_modified_time":"2024-05-14T12:48:27+00:00","og_image":[{"width":710,"height":710,"url":"https:\/\/mivgo.pl\/sklep\/wp-content\/uploads\/2024\/05\/Rura-oslonowa-karbowana-QRK-50_25-flex-MIVGO-3.png","type":"image\/png"}],"twitter_card":"summary_large_image","twitter_misc":{"Szacowany czas czytania":"1 minuta"},"schema":{"@context":"https:\/\/schema.org","@graph":[{"@type":"WebPage","@id":"https:\/\/mivgo.pl\/sklep\/product\/rura-karbowana-typu-qrk-50-25-flex-450n-niebieska-25-m\/","url":"https:\/\/mivgo.pl\/sklep\/product\/rura-karbowana-typu-qrk-50-25-flex-450n-niebieska-25-m\/","name":"Rura karbowana typu QRK 50\/25 FLEX 450N niebieska 25 m - mivgo.pl","isPartOf":{"@id":"https:\/\/mivgo.pl\/sklep\/#website"},"primaryImageOfPage":{"@id":"https:\/\/mivgo.pl\/sklep\/product\/rura-karbowana-typu-qrk-50-25-flex-450n-niebieska-25-m\/#primaryimage"},"image":{"@id":"https:\/\/mivgo.pl\/sklep\/product\/rura-karbowana-typu-qrk-50-25-flex-450n-niebieska-25-m\/#primaryimage"},"thumbnailUrl":"https:\/\/mivgo.pl\/sklep\/wp-content\/uploads\/2024\/05\/Rura-oslonowa-karbowana-QRK-50_25-flex-MIVGO-3.png","datePublished":"2024-05-14T12:23:25+00:00","dateModified":"2024-05-14T12:48:27+00:00","breadcrumb":{"@id":"https:\/\/mivgo.pl\/sklep\/product\/rura-karbowana-typu-qrk-50-25-flex-450n-niebieska-25-m\/#breadcrumb"},"inLanguage":"pl-PL","potentialAction":[{"@type":"ReadAction","target":["https:\/\/mivgo.pl\/sklep\/product\/rura-karbowana-typu-qrk-50-25-flex-450n-niebieska-25-m\/"]}]},{"@type":"ImageObject","inLanguage":"pl-PL","@id":"https:\/\/mivgo.pl\/sklep\/product\/rura-karbowana-typu-qrk-50-25-flex-450n-niebieska-25-m\/#primaryimage","url":"https:\/\/mivgo.pl\/sklep\/wp-content\/uploads\/2024\/05\/Rura-oslonowa-karbowana-QRK-50_25-flex-MIVGO-3.png","contentUrl":"https:\/\/mivgo.pl\/sklep\/wp-content\/uploads\/2024\/05\/Rura-oslonowa-karbowana-QRK-50_25-flex-MIVGO-3.png","width":710,"height":710},{"@type":"BreadcrumbList","@id":"https:\/\/mivgo.pl\/sklep\/product\/rura-karbowana-typu-qrk-50-25-flex-450n-niebieska-25-m\/#breadcrumb","itemListElement":[{"@type":"ListItem","position":1,"name":"Strona g\u0142\u00f3wna","item":"https:\/\/mivgo.pl\/sklep\/"},{"@type":"ListItem","position":2,"name":"Sklep","item":"https:\/\/mivgo.pl\/sklep\/sklep\/"},{"@type":"ListItem","position":3,"name":"Rura karbowana typu QRK 50\/25 FLEX 450N niebieska 25 m"}]},{"@type":"WebSite","@id":"https:\/\/mivgo.pl\/sklep\/#website","url":"https:\/\/mivgo.pl\/sklep\/","name":"mivgo.pl","description":"","publisher":{"@id":"https:\/\/mivgo.pl\/sklep\/#organization"},"potentialAction":[{"@type":"SearchAction","target":{"@type":"EntryPoint","urlTemplate":"https:\/\/mivgo.pl\/sklep\/?s={search_term_string}"},"query-input":{"@type":"PropertyValueSpecification","valueRequired":true,"valueName":"search_term_string"}}],"inLanguage":"pl-PL"},{"@type":"Organization","@id":"https:\/\/mivgo.pl\/sklep\/#organization","name":"MIVGO sp. z o.o.","alternateName":"MIVGO","url":"https:\/\/mivgo.pl\/sklep\/","logo":{"@type":"ImageObject","inLanguage":"pl-PL","@id":"https:\/\/mivgo.pl\/sklep\/#\/schema\/logo\/image\/","url":"https:\/\/mivgo.pl\/sklep\/wp-content\/uploads\/2023\/04\/logo-Mivgo.png","contentUrl":"https:\/\/mivgo.pl\/sklep\/wp-content\/uploads\/2023\/04\/logo-Mivgo.png","width":700,"height":700,"caption":"MIVGO sp. z o.o."},"image":{"@id":"https:\/\/mivgo.pl\/sklep\/#\/schema\/logo\/image\/"}}]}},"_links":{"self":[{"href":"https:\/\/mivgo.pl\/sklep\/wp-json\/wp\/v2\/product\/5707","targetHints":{"allow":["GET"]}}],"collection":[{"href":"https:\/\/mivgo.pl\/sklep\/wp-json\/wp\/v2\/product"}],"about":[{"href":"https:\/\/mivgo.pl\/sklep\/wp-json\/wp\/v2\/types\/product"}],"replies":[{"embeddable":true,"href":"https:\/\/mivgo.pl\/sklep\/wp-json\/wp\/v2\/comments?post=5707"}],"wp:featuredmedia":[{"embeddable":true,"href":"https:\/\/mivgo.pl\/sklep\/wp-json\/wp\/v2\/media\/5714"}],"wp:attachment":[{"href":"https:\/\/mivgo.pl\/sklep\/wp-json\/wp\/v2\/media?parent=5707"}],"wp:term":[{"taxonomy":"product_brand","embeddable":true,"href":"https:\/\/mivgo.pl\/sklep\/wp-json\/wp\/v2\/product_brand?post=5707"},{"taxonomy":"product_cat","embeddable":true,"href":"https:\/\/mivgo.pl\/sklep\/wp-json\/wp\/v2\/product_cat?post=5707"},{"taxonomy":"product_tag","embeddable":true,"href":"https:\/\/mivgo.pl\/sklep\/wp-json\/wp\/v2\/product_tag?post=5707"}],"curies":[{"name":"wp","href":"https:\/\/api.w.org\/{rel}","templated":true}]}}