{"id":5702,"date":"2024-05-11T18:54:21","date_gmt":"2024-05-11T16:54:21","guid":{"rendered":"https:\/\/mivgo.pl\/sklep\/?post_type=product&#038;p=5702"},"modified":"2024-05-11T20:48:57","modified_gmt":"2024-05-11T18:48:57","slug":"wylacznik-nadpradowy-b16-1p-6-ka-typu-hn-b16-1","status":"publish","type":"product","link":"https:\/\/mivgo.pl\/sklep\/product\/wylacznik-nadpradowy-b16-1p-6-ka-typu-hn-b16-1\/","title":{"rendered":"Wy\u0142\u0105cznik nadpr\u0105dowy B16 1P 6 kA typu HN-B16\/1"},"content":{"rendered":"<p><strong>Wy\u0142\u0105cznik nadpr\u0105dowy B16 1P 6 kA typu HN-B16\/1<\/strong><\/p>\n<p>Wy\u0142\u0105cznik nadmiarowo-pr\u0105dowy s\u0142u\u017cy do zabezpieczenia instalacji elektrycznych przed skutkami przeci\u0105\u017ce\u0144, czyli przep\u0142ywowi pr\u0105du o wi\u0119kszej warto\u015bci nat\u0119\u017cenia pr\u0105du ni\u017c warto\u015b\u0107 dopuszczalna oraz przed skutkami zwar\u0107. W momencie d\u0142ugotrwa\u0142ego przeci\u0105\u017cania obwodu lub zwarcia, wy\u0142\u0105cznik nadpr\u0105dowy wyzwala &#8211; czyli automatycznie wy\u0142\u0105cza chroniony obw\u00f3d.<\/p>\n","protected":false},"excerpt":{"rendered":"<p>Wy\u0142\u0105cznik nadpr\u0105dowy B16 1P 6 kA typu HN-B16\/1 Wy\u0142\u0105cznik nadmiarowo-pr\u0105dowy s\u0142u\u017cy do zabezpieczenia instalacji elektrycznych przed skutkami przeci\u0105\u017ce\u0144, czyli przep\u0142ywowi pr\u0105du o wi\u0119kszej warto\u015bci nat\u0119\u017cenia pr\u0105du ni\u017c warto\u015b\u0107 dopuszczalna oraz<\/p>\n","protected":false},"featured_media":0,"comment_status":"open","ping_status":"closed","template":"","meta":{"_acf_changed":false},"product_brand":[],"product_cat":[232],"product_tag":[],"class_list":{"0":"post-5702","1":"product","2":"type-product","3":"status-publish","5":"product_cat-rozdzielnice","6":"product_shipping_class-pozostale-kurier","8":"first","9":"instock","10":"taxable","11":"shipping-taxable","12":"purchasable","13":"product-type-simple"},"acf":[],"yoast_head":"<!-- This site is optimized with the Yoast SEO plugin v27.2 - https:\/\/yoast.com\/product\/yoast-seo-wordpress\/ -->\n<title>Wy\u0142\u0105cznik nadpr\u0105dowy B16 1P 6 kA typu HN-B16\/1 - mivgo.pl<\/title>\n<meta name=\"description\" content=\"Wy\u0142\u0105cznik nadmiarowo-pr\u0105dowy s\u0142u\u017cy do zabezpieczenia instalacji elektrycznych przed skutkami przeci\u0105\u017ce\u0144 i zwar\u0107. Charakterystyka B. Pr\u0105d znamionowy 16 A\" \/>\n<meta name=\"robots\" content=\"index, follow, max-snippet:-1, max-image-preview:large, max-video-preview:-1\" \/>\n<link rel=\"canonical\" href=\"https:\/\/mivgo.pl\/sklep\/product\/wylacznik-nadpradowy-b16-1p-6-ka-typu-hn-b16-1\/\" \/>\n<meta property=\"og:locale\" content=\"pl_PL\" \/>\n<meta property=\"og:type\" content=\"article\" \/>\n<meta property=\"og:title\" content=\"Wy\u0142\u0105cznik nadpr\u0105dowy B16 1P 6 kA typu HN-B16\/1 - mivgo.pl\" \/>\n<meta property=\"og:description\" content=\"Wy\u0142\u0105cznik nadmiarowo-pr\u0105dowy s\u0142u\u017cy do zabezpieczenia instalacji elektrycznych przed skutkami przeci\u0105\u017ce\u0144 i zwar\u0107. Charakterystyka B. Pr\u0105d znamionowy 16 A\" \/>\n<meta property=\"og:url\" content=\"https:\/\/mivgo.pl\/sklep\/product\/wylacznik-nadpradowy-b16-1p-6-ka-typu-hn-b16-1\/\" \/>\n<meta property=\"og:site_name\" content=\"mivgo.pl\" \/>\n<meta property=\"article:modified_time\" content=\"2024-05-11T18:48:57+00:00\" \/>\n<meta name=\"twitter:card\" content=\"summary_large_image\" \/>\n<meta name=\"twitter:label1\" content=\"Szacowany czas czytania\" \/>\n\t<meta name=\"twitter:data1\" content=\"1 minuta\" \/>\n<script type=\"application\/ld+json\" class=\"yoast-schema-graph\">{\"@context\":\"https:\/\/schema.org\",\"@graph\":[{\"@type\":\"WebPage\",\"@id\":\"https:\/\/mivgo.pl\/sklep\/product\/wylacznik-nadpradowy-b16-1p-6-ka-typu-hn-b16-1\/\",\"url\":\"https:\/\/mivgo.pl\/sklep\/product\/wylacznik-nadpradowy-b16-1p-6-ka-typu-hn-b16-1\/\",\"name\":\"Wy\u0142\u0105cznik nadpr\u0105dowy B16 1P 6 kA typu HN-B16\/1 - mivgo.pl\",\"isPartOf\":{\"@id\":\"https:\/\/mivgo.pl\/sklep\/#website\"},\"datePublished\":\"2024-05-11T16:54:21+00:00\",\"dateModified\":\"2024-05-11T18:48:57+00:00\",\"description\":\"Wy\u0142\u0105cznik nadmiarowo-pr\u0105dowy s\u0142u\u017cy do zabezpieczenia instalacji elektrycznych przed skutkami przeci\u0105\u017ce\u0144 i zwar\u0107. Charakterystyka B. Pr\u0105d znamionowy 16 A\",\"breadcrumb\":{\"@id\":\"https:\/\/mivgo.pl\/sklep\/product\/wylacznik-nadpradowy-b16-1p-6-ka-typu-hn-b16-1\/#breadcrumb\"},\"inLanguage\":\"pl-PL\",\"potentialAction\":[{\"@type\":\"ReadAction\",\"target\":[\"https:\/\/mivgo.pl\/sklep\/product\/wylacznik-nadpradowy-b16-1p-6-ka-typu-hn-b16-1\/\"]}]},{\"@type\":\"BreadcrumbList\",\"@id\":\"https:\/\/mivgo.pl\/sklep\/product\/wylacznik-nadpradowy-b16-1p-6-ka-typu-hn-b16-1\/#breadcrumb\",\"itemListElement\":[{\"@type\":\"ListItem\",\"position\":1,\"name\":\"Strona g\u0142\u00f3wna\",\"item\":\"https:\/\/mivgo.pl\/sklep\/\"},{\"@type\":\"ListItem\",\"position\":2,\"name\":\"Sklep\",\"item\":\"https:\/\/mivgo.pl\/sklep\/sklep\/\"},{\"@type\":\"ListItem\",\"position\":3,\"name\":\"Wy\u0142\u0105cznik nadpr\u0105dowy B16 1P 6 kA typu HN-B16\/1\"}]},{\"@type\":\"WebSite\",\"@id\":\"https:\/\/mivgo.pl\/sklep\/#website\",\"url\":\"https:\/\/mivgo.pl\/sklep\/\",\"name\":\"mivgo.pl\",\"description\":\"\",\"publisher\":{\"@id\":\"https:\/\/mivgo.pl\/sklep\/#organization\"},\"potentialAction\":[{\"@type\":\"SearchAction\",\"target\":{\"@type\":\"EntryPoint\",\"urlTemplate\":\"https:\/\/mivgo.pl\/sklep\/?s={search_term_string}\"},\"query-input\":{\"@type\":\"PropertyValueSpecification\",\"valueRequired\":true,\"valueName\":\"search_term_string\"}}],\"inLanguage\":\"pl-PL\"},{\"@type\":\"Organization\",\"@id\":\"https:\/\/mivgo.pl\/sklep\/#organization\",\"name\":\"MIVGO sp. z o.o.\",\"alternateName\":\"MIVGO\",\"url\":\"https:\/\/mivgo.pl\/sklep\/\",\"logo\":{\"@type\":\"ImageObject\",\"inLanguage\":\"pl-PL\",\"@id\":\"https:\/\/mivgo.pl\/sklep\/#\/schema\/logo\/image\/\",\"url\":\"https:\/\/mivgo.pl\/sklep\/wp-content\/uploads\/2023\/04\/logo-Mivgo.png\",\"contentUrl\":\"https:\/\/mivgo.pl\/sklep\/wp-content\/uploads\/2023\/04\/logo-Mivgo.png\",\"width\":700,\"height\":700,\"caption\":\"MIVGO sp. z o.o.\"},\"image\":{\"@id\":\"https:\/\/mivgo.pl\/sklep\/#\/schema\/logo\/image\/\"}}]}<\/script>\n<!-- \/ Yoast SEO plugin. -->","yoast_head_json":{"title":"Wy\u0142\u0105cznik nadpr\u0105dowy B16 1P 6 kA typu HN-B16\/1 - mivgo.pl","description":"Wy\u0142\u0105cznik nadmiarowo-pr\u0105dowy s\u0142u\u017cy do zabezpieczenia instalacji elektrycznych przed skutkami przeci\u0105\u017ce\u0144 i zwar\u0107. Charakterystyka B. Pr\u0105d znamionowy 16 A","robots":{"index":"index","follow":"follow","max-snippet":"max-snippet:-1","max-image-preview":"max-image-preview:large","max-video-preview":"max-video-preview:-1"},"canonical":"https:\/\/mivgo.pl\/sklep\/product\/wylacznik-nadpradowy-b16-1p-6-ka-typu-hn-b16-1\/","og_locale":"pl_PL","og_type":"article","og_title":"Wy\u0142\u0105cznik nadpr\u0105dowy B16 1P 6 kA typu HN-B16\/1 - mivgo.pl","og_description":"Wy\u0142\u0105cznik nadmiarowo-pr\u0105dowy s\u0142u\u017cy do zabezpieczenia instalacji elektrycznych przed skutkami przeci\u0105\u017ce\u0144 i zwar\u0107. Charakterystyka B. Pr\u0105d znamionowy 16 A","og_url":"https:\/\/mivgo.pl\/sklep\/product\/wylacznik-nadpradowy-b16-1p-6-ka-typu-hn-b16-1\/","og_site_name":"mivgo.pl","article_modified_time":"2024-05-11T18:48:57+00:00","twitter_card":"summary_large_image","twitter_misc":{"Szacowany czas czytania":"1 minuta"},"schema":{"@context":"https:\/\/schema.org","@graph":[{"@type":"WebPage","@id":"https:\/\/mivgo.pl\/sklep\/product\/wylacznik-nadpradowy-b16-1p-6-ka-typu-hn-b16-1\/","url":"https:\/\/mivgo.pl\/sklep\/product\/wylacznik-nadpradowy-b16-1p-6-ka-typu-hn-b16-1\/","name":"Wy\u0142\u0105cznik nadpr\u0105dowy B16 1P 6 kA typu HN-B16\/1 - mivgo.pl","isPartOf":{"@id":"https:\/\/mivgo.pl\/sklep\/#website"},"datePublished":"2024-05-11T16:54:21+00:00","dateModified":"2024-05-11T18:48:57+00:00","description":"Wy\u0142\u0105cznik nadmiarowo-pr\u0105dowy s\u0142u\u017cy do zabezpieczenia instalacji elektrycznych przed skutkami przeci\u0105\u017ce\u0144 i zwar\u0107. Charakterystyka B. Pr\u0105d znamionowy 16 A","breadcrumb":{"@id":"https:\/\/mivgo.pl\/sklep\/product\/wylacznik-nadpradowy-b16-1p-6-ka-typu-hn-b16-1\/#breadcrumb"},"inLanguage":"pl-PL","potentialAction":[{"@type":"ReadAction","target":["https:\/\/mivgo.pl\/sklep\/product\/wylacznik-nadpradowy-b16-1p-6-ka-typu-hn-b16-1\/"]}]},{"@type":"BreadcrumbList","@id":"https:\/\/mivgo.pl\/sklep\/product\/wylacznik-nadpradowy-b16-1p-6-ka-typu-hn-b16-1\/#breadcrumb","itemListElement":[{"@type":"ListItem","position":1,"name":"Strona g\u0142\u00f3wna","item":"https:\/\/mivgo.pl\/sklep\/"},{"@type":"ListItem","position":2,"name":"Sklep","item":"https:\/\/mivgo.pl\/sklep\/sklep\/"},{"@type":"ListItem","position":3,"name":"Wy\u0142\u0105cznik nadpr\u0105dowy B16 1P 6 kA typu HN-B16\/1"}]},{"@type":"WebSite","@id":"https:\/\/mivgo.pl\/sklep\/#website","url":"https:\/\/mivgo.pl\/sklep\/","name":"mivgo.pl","description":"","publisher":{"@id":"https:\/\/mivgo.pl\/sklep\/#organization"},"potentialAction":[{"@type":"SearchAction","target":{"@type":"EntryPoint","urlTemplate":"https:\/\/mivgo.pl\/sklep\/?s={search_term_string}"},"query-input":{"@type":"PropertyValueSpecification","valueRequired":true,"valueName":"search_term_string"}}],"inLanguage":"pl-PL"},{"@type":"Organization","@id":"https:\/\/mivgo.pl\/sklep\/#organization","name":"MIVGO sp. z o.o.","alternateName":"MIVGO","url":"https:\/\/mivgo.pl\/sklep\/","logo":{"@type":"ImageObject","inLanguage":"pl-PL","@id":"https:\/\/mivgo.pl\/sklep\/#\/schema\/logo\/image\/","url":"https:\/\/mivgo.pl\/sklep\/wp-content\/uploads\/2023\/04\/logo-Mivgo.png","contentUrl":"https:\/\/mivgo.pl\/sklep\/wp-content\/uploads\/2023\/04\/logo-Mivgo.png","width":700,"height":700,"caption":"MIVGO sp. z o.o."},"image":{"@id":"https:\/\/mivgo.pl\/sklep\/#\/schema\/logo\/image\/"}}]}},"_links":{"self":[{"href":"https:\/\/mivgo.pl\/sklep\/wp-json\/wp\/v2\/product\/5702","targetHints":{"allow":["GET"]}}],"collection":[{"href":"https:\/\/mivgo.pl\/sklep\/wp-json\/wp\/v2\/product"}],"about":[{"href":"https:\/\/mivgo.pl\/sklep\/wp-json\/wp\/v2\/types\/product"}],"replies":[{"embeddable":true,"href":"https:\/\/mivgo.pl\/sklep\/wp-json\/wp\/v2\/comments?post=5702"}],"wp:attachment":[{"href":"https:\/\/mivgo.pl\/sklep\/wp-json\/wp\/v2\/media?parent=5702"}],"wp:term":[{"taxonomy":"product_brand","embeddable":true,"href":"https:\/\/mivgo.pl\/sklep\/wp-json\/wp\/v2\/product_brand?post=5702"},{"taxonomy":"product_cat","embeddable":true,"href":"https:\/\/mivgo.pl\/sklep\/wp-json\/wp\/v2\/product_cat?post=5702"},{"taxonomy":"product_tag","embeddable":true,"href":"https:\/\/mivgo.pl\/sklep\/wp-json\/wp\/v2\/product_tag?post=5702"}],"curies":[{"name":"wp","href":"https:\/\/api.w.org\/{rel}","templated":true}]}}