{"id":5695,"date":"2024-05-10T15:41:22","date_gmt":"2024-05-10T13:41:22","guid":{"rendered":"https:\/\/mivgo.pl\/sklep\/?post_type=product&#038;p=5695"},"modified":"2024-09-06T12:39:58","modified_gmt":"2024-09-06T10:39:58","slug":"panel-fotowoltaiczny-jinko-420w-jkm420n-54hl4-v-n-type-czarna-rama","status":"publish","type":"product","link":"https:\/\/mivgo.pl\/sklep\/product\/panel-fotowoltaiczny-jinko-420w-jkm420n-54hl4-v-n-type-czarna-rama\/","title":{"rendered":"PANEL FOTOWOLTAICZNY JINKO 420W JKM420N-54HL4-V N-TYPE CZARNA RAMA"},"content":{"rendered":"<p><strong>Moc i Wydajno\u015b\u0107<\/strong><\/p>\n<p>Dzi\u0119ki zaawansowanej technologii ogniw N-Type, panel Jinko 420W JKM420N-54HL4-V oferuje wyj\u0105tkow\u0105 wydajno\u015b\u0107 nawet w najbardziej wymagaj\u0105cych warunkach. Z moc\u0105 dochodz\u0105c\u0105 do 420W, jest on idealnym rozwi\u0105zaniem zar\u00f3wno dla instalacji domowych, jak i komercyjnych, zapewniaj\u0105c niezawodn\u0105 dostaw\u0119 energii.<\/p>\n<p><strong>Elegancja w Ka\u017cdym Detalu<\/strong><\/p>\n<p>Czarna rama panelu dodaje nie tylko elegancji, ale r\u00f3wnie\u017c nowoczesnego charakteru Twojej instalacji fotowoltaicznej. Wyrafinowany design \u0142\u0105czy si\u0119 z solidn\u0105 konstrukcj\u0105, gwarantuj\u0105c nie tylko estetyk\u0119, lecz tak\u017ce trwa\u0142o\u015b\u0107 na lata. Panel Jinko 420W JKM420N-54HL4-V N-Type Czarna Rama to po\u0142\u0105czenie elegancji i funkcjonalno\u015bci w najwy\u017cszym wydaniu.<\/p>\n<p><strong>Zr\u00f3wnowa\u017cona Przysz\u0142o\u015b\u0107<\/strong><\/p>\n<p>Wybieraj\u0105c panel fotowoltaiczny Jinko 420W JKM420N-54HL4-V N-Type Czarna Rama, inwestujesz nie tylko w swoj\u0105 przysz\u0142o\u015b\u0107, ale r\u00f3wnie\u017c w przysz\u0142o\u015b\u0107 naszej planety. Korzystaj\u0105c z czystej energii s\u0142onecznej, aktywnie przyczyniasz si\u0119 do redukcji emisji gaz\u00f3w cieplarnianych i wspierasz walk\u0119 ze zmianami klimatu. Dzia\u0142aj zgodnie z ide\u0105 zr\u00f3wnowa\u017conego rozwoju, wybieraj\u0105c Jinko 420W JKM420N-54HL4-V N-Type Czarna Rama.<\/p>\n","protected":false},"excerpt":{"rendered":"<p><strong>Elegancja i Wydajno\u015b\u0107 w Doskona\u0142ej Harmonii<\/strong><\/p>\n<p>Jinko 420W JKM420N-54HL4-V N-Type Czarna Rama to nie tylko symbol doskona\u0142ej wydajno\u015bci, ale r\u00f3wnie\u017c niezwyk\u0142ej elegancji. Zaprojektowany, by sprosta\u0107 najwy\u017cszym wymaganiom, ten panel fotowoltaiczny zapewnia stabilne i niezawodne \u017ar\u00f3d\u0142o czystej energii s\u0142onecznej.<\/p>\n<p><strong>Moc:<\/strong> 420W<\/p>\n<p><strong>Rama (kolor):<\/strong> Czarny<\/p>\n<p><strong>Wymiary:<\/strong> 1722 \u00d7 1134 \u00d7 30 mm<\/p>\n","protected":false},"featured_media":5697,"comment_status":"open","ping_status":"closed","template":"","meta":{"_acf_changed":false},"product_brand":[],"product_cat":[241,230],"product_tag":[],"class_list":{"0":"post-5695","1":"product","2":"type-product","3":"status-publish","4":"has-post-thumbnail","6":"product_cat-jinko-solar","7":"product_cat-panele","8":"product_shipping_class-panele-paleta","10":"first","11":"outofstock","12":"taxable","13":"shipping-taxable","14":"purchasable","15":"product-type-simple"},"acf":[],"yoast_head":"<!-- This site is optimized with the Yoast SEO plugin v27.2 - https:\/\/yoast.com\/product\/yoast-seo-wordpress\/ -->\n<title>PANEL FOTOWOLTAICZNY JINKO 420W JKM420N-54HL4-V N-TYPE CZARNA RAMA - mivgo.pl<\/title>\n<meta name=\"robots\" content=\"index, follow, max-snippet:-1, max-image-preview:large, max-video-preview:-1\" \/>\n<link rel=\"canonical\" href=\"https:\/\/mivgo.pl\/sklep\/product\/panel-fotowoltaiczny-jinko-420w-jkm420n-54hl4-v-n-type-czarna-rama\/\" \/>\n<meta property=\"og:locale\" content=\"pl_PL\" \/>\n<meta property=\"og:type\" content=\"article\" \/>\n<meta property=\"og:title\" content=\"PANEL FOTOWOLTAICZNY JINKO 420W JKM420N-54HL4-V N-TYPE CZARNA RAMA - mivgo.pl\" \/>\n<meta property=\"og:description\" content=\"Elegancja i Wydajno\u015b\u0107 w Doskona\u0142ej Harmonii  Jinko 420W JKM420N-54HL4-V N-Type Czarna Rama to nie tylko symbol doskona\u0142ej wydajno\u015bci, ale r\u00f3wnie\u017c niezwyk\u0142ej elegancji. Zaprojektowany, by sprosta\u0107 najwy\u017cszym wymaganiom, ten panel fotowoltaiczny zapewnia stabilne i niezawodne \u017ar\u00f3d\u0142o czystej energii s\u0142onecznej.  Moc: 420W  Rama (kolor): Czarny  Wymiary: 1722 \u00d7 1134 \u00d7 30 mm\" \/>\n<meta property=\"og:url\" content=\"https:\/\/mivgo.pl\/sklep\/product\/panel-fotowoltaiczny-jinko-420w-jkm420n-54hl4-v-n-type-czarna-rama\/\" \/>\n<meta property=\"og:site_name\" content=\"mivgo.pl\" \/>\n<meta property=\"article:modified_time\" content=\"2024-09-06T10:39:58+00:00\" \/>\n<meta property=\"og:image\" content=\"https:\/\/mivgo.pl\/sklep\/wp-content\/uploads\/2024\/05\/solar_module_black.webp\" \/>\n\t<meta property=\"og:image:width\" content=\"600\" \/>\n\t<meta property=\"og:image:height\" content=\"800\" \/>\n\t<meta property=\"og:image:type\" content=\"image\/webp\" \/>\n<meta name=\"twitter:card\" content=\"summary_large_image\" \/>\n<meta name=\"twitter:label1\" content=\"Szacowany czas czytania\" \/>\n\t<meta name=\"twitter:data1\" content=\"2 minuty\" \/>\n<script type=\"application\/ld+json\" class=\"yoast-schema-graph\">{\"@context\":\"https:\/\/schema.org\",\"@graph\":[{\"@type\":\"WebPage\",\"@id\":\"https:\/\/mivgo.pl\/sklep\/product\/panel-fotowoltaiczny-jinko-420w-jkm420n-54hl4-v-n-type-czarna-rama\/\",\"url\":\"https:\/\/mivgo.pl\/sklep\/product\/panel-fotowoltaiczny-jinko-420w-jkm420n-54hl4-v-n-type-czarna-rama\/\",\"name\":\"PANEL FOTOWOLTAICZNY JINKO 420W JKM420N-54HL4-V N-TYPE CZARNA RAMA - mivgo.pl\",\"isPartOf\":{\"@id\":\"https:\/\/mivgo.pl\/sklep\/#website\"},\"primaryImageOfPage\":{\"@id\":\"https:\/\/mivgo.pl\/sklep\/product\/panel-fotowoltaiczny-jinko-420w-jkm420n-54hl4-v-n-type-czarna-rama\/#primaryimage\"},\"image\":{\"@id\":\"https:\/\/mivgo.pl\/sklep\/product\/panel-fotowoltaiczny-jinko-420w-jkm420n-54hl4-v-n-type-czarna-rama\/#primaryimage\"},\"thumbnailUrl\":\"https:\/\/mivgo.pl\/sklep\/wp-content\/uploads\/2024\/05\/solar_module_black.webp\",\"datePublished\":\"2024-05-10T13:41:22+00:00\",\"dateModified\":\"2024-09-06T10:39:58+00:00\",\"breadcrumb\":{\"@id\":\"https:\/\/mivgo.pl\/sklep\/product\/panel-fotowoltaiczny-jinko-420w-jkm420n-54hl4-v-n-type-czarna-rama\/#breadcrumb\"},\"inLanguage\":\"pl-PL\",\"potentialAction\":[{\"@type\":\"ReadAction\",\"target\":[\"https:\/\/mivgo.pl\/sklep\/product\/panel-fotowoltaiczny-jinko-420w-jkm420n-54hl4-v-n-type-czarna-rama\/\"]}]},{\"@type\":\"ImageObject\",\"inLanguage\":\"pl-PL\",\"@id\":\"https:\/\/mivgo.pl\/sklep\/product\/panel-fotowoltaiczny-jinko-420w-jkm420n-54hl4-v-n-type-czarna-rama\/#primaryimage\",\"url\":\"https:\/\/mivgo.pl\/sklep\/wp-content\/uploads\/2024\/05\/solar_module_black.webp\",\"contentUrl\":\"https:\/\/mivgo.pl\/sklep\/wp-content\/uploads\/2024\/05\/solar_module_black.webp\",\"width\":600,\"height\":800},{\"@type\":\"BreadcrumbList\",\"@id\":\"https:\/\/mivgo.pl\/sklep\/product\/panel-fotowoltaiczny-jinko-420w-jkm420n-54hl4-v-n-type-czarna-rama\/#breadcrumb\",\"itemListElement\":[{\"@type\":\"ListItem\",\"position\":1,\"name\":\"Strona g\u0142\u00f3wna\",\"item\":\"https:\/\/mivgo.pl\/sklep\/\"},{\"@type\":\"ListItem\",\"position\":2,\"name\":\"Sklep\",\"item\":\"https:\/\/mivgo.pl\/sklep\/sklep\/\"},{\"@type\":\"ListItem\",\"position\":3,\"name\":\"PANEL FOTOWOLTAICZNY JINKO 420W JKM420N-54HL4-V N-TYPE CZARNA RAMA\"}]},{\"@type\":\"WebSite\",\"@id\":\"https:\/\/mivgo.pl\/sklep\/#website\",\"url\":\"https:\/\/mivgo.pl\/sklep\/\",\"name\":\"mivgo.pl\",\"description\":\"\",\"publisher\":{\"@id\":\"https:\/\/mivgo.pl\/sklep\/#organization\"},\"potentialAction\":[{\"@type\":\"SearchAction\",\"target\":{\"@type\":\"EntryPoint\",\"urlTemplate\":\"https:\/\/mivgo.pl\/sklep\/?s={search_term_string}\"},\"query-input\":{\"@type\":\"PropertyValueSpecification\",\"valueRequired\":true,\"valueName\":\"search_term_string\"}}],\"inLanguage\":\"pl-PL\"},{\"@type\":\"Organization\",\"@id\":\"https:\/\/mivgo.pl\/sklep\/#organization\",\"name\":\"MIVGO sp. z o.o.\",\"alternateName\":\"MIVGO\",\"url\":\"https:\/\/mivgo.pl\/sklep\/\",\"logo\":{\"@type\":\"ImageObject\",\"inLanguage\":\"pl-PL\",\"@id\":\"https:\/\/mivgo.pl\/sklep\/#\/schema\/logo\/image\/\",\"url\":\"https:\/\/mivgo.pl\/sklep\/wp-content\/uploads\/2023\/04\/logo-Mivgo.png\",\"contentUrl\":\"https:\/\/mivgo.pl\/sklep\/wp-content\/uploads\/2023\/04\/logo-Mivgo.png\",\"width\":700,\"height\":700,\"caption\":\"MIVGO sp. z o.o.\"},\"image\":{\"@id\":\"https:\/\/mivgo.pl\/sklep\/#\/schema\/logo\/image\/\"}}]}<\/script>\n<!-- \/ Yoast SEO plugin. -->","yoast_head_json":{"title":"PANEL FOTOWOLTAICZNY JINKO 420W JKM420N-54HL4-V N-TYPE CZARNA RAMA - mivgo.pl","robots":{"index":"index","follow":"follow","max-snippet":"max-snippet:-1","max-image-preview":"max-image-preview:large","max-video-preview":"max-video-preview:-1"},"canonical":"https:\/\/mivgo.pl\/sklep\/product\/panel-fotowoltaiczny-jinko-420w-jkm420n-54hl4-v-n-type-czarna-rama\/","og_locale":"pl_PL","og_type":"article","og_title":"PANEL FOTOWOLTAICZNY JINKO 420W JKM420N-54HL4-V N-TYPE CZARNA RAMA - mivgo.pl","og_description":"Elegancja i Wydajno\u015b\u0107 w Doskona\u0142ej Harmonii  Jinko 420W JKM420N-54HL4-V N-Type Czarna Rama to nie tylko symbol doskona\u0142ej wydajno\u015bci, ale r\u00f3wnie\u017c niezwyk\u0142ej elegancji. Zaprojektowany, by sprosta\u0107 najwy\u017cszym wymaganiom, ten panel fotowoltaiczny zapewnia stabilne i niezawodne \u017ar\u00f3d\u0142o czystej energii s\u0142onecznej.  Moc: 420W  Rama (kolor): Czarny  Wymiary: 1722 \u00d7 1134 \u00d7 30 mm","og_url":"https:\/\/mivgo.pl\/sklep\/product\/panel-fotowoltaiczny-jinko-420w-jkm420n-54hl4-v-n-type-czarna-rama\/","og_site_name":"mivgo.pl","article_modified_time":"2024-09-06T10:39:58+00:00","og_image":[{"width":600,"height":800,"url":"https:\/\/mivgo.pl\/sklep\/wp-content\/uploads\/2024\/05\/solar_module_black.webp","type":"image\/webp"}],"twitter_card":"summary_large_image","twitter_misc":{"Szacowany czas czytania":"2 minuty"},"schema":{"@context":"https:\/\/schema.org","@graph":[{"@type":"WebPage","@id":"https:\/\/mivgo.pl\/sklep\/product\/panel-fotowoltaiczny-jinko-420w-jkm420n-54hl4-v-n-type-czarna-rama\/","url":"https:\/\/mivgo.pl\/sklep\/product\/panel-fotowoltaiczny-jinko-420w-jkm420n-54hl4-v-n-type-czarna-rama\/","name":"PANEL FOTOWOLTAICZNY JINKO 420W JKM420N-54HL4-V N-TYPE CZARNA RAMA - mivgo.pl","isPartOf":{"@id":"https:\/\/mivgo.pl\/sklep\/#website"},"primaryImageOfPage":{"@id":"https:\/\/mivgo.pl\/sklep\/product\/panel-fotowoltaiczny-jinko-420w-jkm420n-54hl4-v-n-type-czarna-rama\/#primaryimage"},"image":{"@id":"https:\/\/mivgo.pl\/sklep\/product\/panel-fotowoltaiczny-jinko-420w-jkm420n-54hl4-v-n-type-czarna-rama\/#primaryimage"},"thumbnailUrl":"https:\/\/mivgo.pl\/sklep\/wp-content\/uploads\/2024\/05\/solar_module_black.webp","datePublished":"2024-05-10T13:41:22+00:00","dateModified":"2024-09-06T10:39:58+00:00","breadcrumb":{"@id":"https:\/\/mivgo.pl\/sklep\/product\/panel-fotowoltaiczny-jinko-420w-jkm420n-54hl4-v-n-type-czarna-rama\/#breadcrumb"},"inLanguage":"pl-PL","potentialAction":[{"@type":"ReadAction","target":["https:\/\/mivgo.pl\/sklep\/product\/panel-fotowoltaiczny-jinko-420w-jkm420n-54hl4-v-n-type-czarna-rama\/"]}]},{"@type":"ImageObject","inLanguage":"pl-PL","@id":"https:\/\/mivgo.pl\/sklep\/product\/panel-fotowoltaiczny-jinko-420w-jkm420n-54hl4-v-n-type-czarna-rama\/#primaryimage","url":"https:\/\/mivgo.pl\/sklep\/wp-content\/uploads\/2024\/05\/solar_module_black.webp","contentUrl":"https:\/\/mivgo.pl\/sklep\/wp-content\/uploads\/2024\/05\/solar_module_black.webp","width":600,"height":800},{"@type":"BreadcrumbList","@id":"https:\/\/mivgo.pl\/sklep\/product\/panel-fotowoltaiczny-jinko-420w-jkm420n-54hl4-v-n-type-czarna-rama\/#breadcrumb","itemListElement":[{"@type":"ListItem","position":1,"name":"Strona g\u0142\u00f3wna","item":"https:\/\/mivgo.pl\/sklep\/"},{"@type":"ListItem","position":2,"name":"Sklep","item":"https:\/\/mivgo.pl\/sklep\/sklep\/"},{"@type":"ListItem","position":3,"name":"PANEL FOTOWOLTAICZNY JINKO 420W JKM420N-54HL4-V N-TYPE CZARNA RAMA"}]},{"@type":"WebSite","@id":"https:\/\/mivgo.pl\/sklep\/#website","url":"https:\/\/mivgo.pl\/sklep\/","name":"mivgo.pl","description":"","publisher":{"@id":"https:\/\/mivgo.pl\/sklep\/#organization"},"potentialAction":[{"@type":"SearchAction","target":{"@type":"EntryPoint","urlTemplate":"https:\/\/mivgo.pl\/sklep\/?s={search_term_string}"},"query-input":{"@type":"PropertyValueSpecification","valueRequired":true,"valueName":"search_term_string"}}],"inLanguage":"pl-PL"},{"@type":"Organization","@id":"https:\/\/mivgo.pl\/sklep\/#organization","name":"MIVGO sp. z o.o.","alternateName":"MIVGO","url":"https:\/\/mivgo.pl\/sklep\/","logo":{"@type":"ImageObject","inLanguage":"pl-PL","@id":"https:\/\/mivgo.pl\/sklep\/#\/schema\/logo\/image\/","url":"https:\/\/mivgo.pl\/sklep\/wp-content\/uploads\/2023\/04\/logo-Mivgo.png","contentUrl":"https:\/\/mivgo.pl\/sklep\/wp-content\/uploads\/2023\/04\/logo-Mivgo.png","width":700,"height":700,"caption":"MIVGO sp. z o.o."},"image":{"@id":"https:\/\/mivgo.pl\/sklep\/#\/schema\/logo\/image\/"}}]}},"_links":{"self":[{"href":"https:\/\/mivgo.pl\/sklep\/wp-json\/wp\/v2\/product\/5695","targetHints":{"allow":["GET"]}}],"collection":[{"href":"https:\/\/mivgo.pl\/sklep\/wp-json\/wp\/v2\/product"}],"about":[{"href":"https:\/\/mivgo.pl\/sklep\/wp-json\/wp\/v2\/types\/product"}],"replies":[{"embeddable":true,"href":"https:\/\/mivgo.pl\/sklep\/wp-json\/wp\/v2\/comments?post=5695"}],"wp:featuredmedia":[{"embeddable":true,"href":"https:\/\/mivgo.pl\/sklep\/wp-json\/wp\/v2\/media\/5697"}],"wp:attachment":[{"href":"https:\/\/mivgo.pl\/sklep\/wp-json\/wp\/v2\/media?parent=5695"}],"wp:term":[{"taxonomy":"product_brand","embeddable":true,"href":"https:\/\/mivgo.pl\/sklep\/wp-json\/wp\/v2\/product_brand?post=5695"},{"taxonomy":"product_cat","embeddable":true,"href":"https:\/\/mivgo.pl\/sklep\/wp-json\/wp\/v2\/product_cat?post=5695"},{"taxonomy":"product_tag","embeddable":true,"href":"https:\/\/mivgo.pl\/sklep\/wp-json\/wp\/v2\/product_tag?post=5695"}],"curies":[{"name":"wp","href":"https:\/\/api.w.org\/{rel}","templated":true}]}}