{"id":5687,"date":"2024-05-10T15:12:56","date_gmt":"2024-05-10T13:12:56","guid":{"rendered":"https:\/\/mivgo.pl\/sklep\/?post_type=product&#038;p=5687"},"modified":"2024-07-30T12:25:41","modified_gmt":"2024-07-30T10:25:41","slug":"panel-fotowoltaiczny-hyundai390w-hie-390uf-czarna-rama","status":"publish","type":"product","link":"https:\/\/mivgo.pl\/sklep\/product\/panel-fotowoltaiczny-hyundai390w-hie-390uf-czarna-rama\/","title":{"rendered":"PANEL FOTOWOLTAICZNY HYUNDAI390W HiE-390UF CZARNA RAMA"},"content":{"rendered":"<div class=\"w-full text-token-text-primary\" dir=\"auto\" data-testid=\"conversation-turn-3\" data-scroll-anchor=\"true\">\n<div class=\"py-2 px-3 text-base md:px-4 m-auto md:px-5 lg:px-1 xl:px-5\">\n<div class=\"mx-auto flex flex-1 gap-3 text-base juice:gap-4 juice:md:gap-6 md:max-w-3xl lg:max-w-[40rem] xl:max-w-[48rem]\">\n<div class=\"relative flex w-full min-w-0 flex-col agent-turn\">\n<div class=\"flex-col gap-1 md:gap-3\">\n<div class=\"flex flex-grow flex-col max-w-full\">\n<div class=\"min-h-[20px] text-message flex flex-col items-start whitespace-pre-wrap break-words [.text-message+&amp;]:mt-5 overflow-x-auto gap-3\" dir=\"auto\" data-message-author-role=\"assistant\" data-message-id=\"13351947-573a-4cd4-813a-09adf0361e3b\">\n<div class=\"markdown prose w-full break-words dark:prose-invert light\">\n<p><strong>Wydajno\u015b\u0107 na Najwy\u017cszym Poziomie.<\/strong><\/p>\n<p>Wyposa\u017cony w zaawansowane ogniwa, panel Hyundai 390W HiE-390UF Black Frame zapewnia doskona\u0142\u0105 wydajno\u015b\u0107 nawet w najtrudniejszych warunkach atmosferycznych. Dzi\u0119ki innowacyjnej technologii i starannemu projektowi, ten panel osi\u0105ga moc 390W, co czyni go idealnym rozwi\u0105zaniem zar\u00f3wno dla instalacji domowych, jak i komercyjnych.<\/p>\n<p><strong>Elegancja w ka\u017cdym Detalu.<\/strong><\/p>\n<p>Czarna rama panelu dodaje nie tylko elegancji, ale r\u00f3wnie\u017c nowoczesno\u015bci Twojej instalacji fotowoltaicznej. Wyrafinowany wygl\u0105d \u0142\u0105czy si\u0119 tutaj z solidn\u0105 konstrukcj\u0105, zapewniaj\u0105c nie tylko estetyk\u0119, ale r\u00f3wnie\u017c trwa\u0142o\u015b\u0107 na lata. Panel Hyundai 390W HiE-390UF Black Frame to synonim elegancji i funkcjonalno\u015bci.<\/p>\n<p><strong>Zr\u00f3wnowa\u017cona Przysz\u0142o\u015b\u0107 w Twoim Zasi\u0119gu.<\/strong><\/p>\n<p>Wybieraj\u0105c panel fotowoltaiczny Hyundai 390W HiE-390UF Black Frame, inwestujesz nie tylko w swoj\u0105 przysz\u0142o\u015b\u0107, ale r\u00f3wnie\u017c w przysz\u0142o\u015b\u0107 naszej planety. Korzystaj\u0105c z czystej energii s\u0142onecznej, aktywnie przyczyniasz si\u0119 do redukcji emisji gaz\u00f3w cieplarnianych i wspierasz walk\u0119 ze zmianami klimatu. Dzia\u0142aj zgodnie z ide\u0105 zr\u00f3wnowa\u017conego rozwoju, wybieraj\u0105c Hyundai 390W HiE-390UF Black Frame.<\/p>\n<\/div>\n<\/div>\n<\/div>\n<div class=\"mt-1 flex gap-3 empty:hidden juice:-ml-3\">\n<div class=\"-ml-1 mt-0 h-7 items-center justify-center gap-[2px] self-end text-gray-400 lg:justify-start lg:self-center visible flex\">\n<p>&nbsp;<\/p>\n<div class=\"flex\"><\/div>\n<\/div>\n<\/div>\n<div class=\"pr-2 lg:pr-0\"><\/div>\n<\/div>\n<div class=\"absolute\">\n<div class=\"flex w-full gap-2 items-center justify-center\"><\/div>\n<\/div>\n<\/div>\n<\/div>\n<\/div>\n<\/div>\n<div class=\"mx-auto\">\n<div>\n<div class=\"mx-auto mt-2 inline-flex rounded-xl border border-gray-100 dark:border-gray-700\"><\/div>\n<\/div>\n<\/div>\n","protected":false},"excerpt":{"rendered":"<p><strong>Doskona\u0142o\u015b\u0107 i Estetyka w Jednym.<\/strong><\/p>\n<p>Panel fotowoltaiczny Hyundai 390W HiE-390UF Black Frame to inkarnacja doskona\u0142ej wydajno\u015bci i niezwyk\u0142ej elegancji. Zaprojektowany z my\u015bl\u0105 o najbardziej wymagaj\u0105cych klientach, ten panel fotowoltaiczny jest gwarancj\u0105 niezawodnego \u017ar\u00f3d\u0142a czystej energii s\u0142onecznej.<\/p>\n<p>Wymiary: 1646 \u00d7 1140 \u00d7 35mm<\/p>\n<p>Moc: 390W<\/p>\n","protected":false},"featured_media":5690,"comment_status":"open","ping_status":"closed","template":"","meta":{"_acf_changed":false},"product_brand":[],"product_cat":[242,230],"product_tag":[],"class_list":{"0":"post-5687","1":"product","2":"type-product","3":"status-publish","4":"has-post-thumbnail","6":"product_cat-hyundai","7":"product_cat-panele","8":"product_shipping_class-panele-paleta","10":"first","11":"onbackorder","12":"taxable","13":"shipping-taxable","14":"purchasable","15":"product-type-simple"},"acf":[],"yoast_head":"<!-- This site is optimized with the Yoast SEO plugin v27.2 - https:\/\/yoast.com\/product\/yoast-seo-wordpress\/ -->\n<title>PANEL FOTOWOLTAICZNY HYUNDAI390W HiE-390UF CZARNA RAMA - mivgo.pl<\/title>\n<meta name=\"robots\" content=\"index, follow, max-snippet:-1, max-image-preview:large, max-video-preview:-1\" \/>\n<link rel=\"canonical\" href=\"https:\/\/mivgo.pl\/sklep\/product\/panel-fotowoltaiczny-hyundai390w-hie-390uf-czarna-rama\/\" \/>\n<meta property=\"og:locale\" content=\"pl_PL\" \/>\n<meta property=\"og:type\" content=\"article\" \/>\n<meta property=\"og:title\" content=\"PANEL FOTOWOLTAICZNY HYUNDAI390W HiE-390UF CZARNA RAMA - mivgo.pl\" \/>\n<meta property=\"og:description\" content=\"Doskona\u0142o\u015b\u0107 i Estetyka w Jednym.  Panel fotowoltaiczny Hyundai 390W HiE-390UF Black Frame to inkarnacja doskona\u0142ej wydajno\u015bci i niezwyk\u0142ej elegancji. Zaprojektowany z my\u015bl\u0105 o najbardziej wymagaj\u0105cych klientach, ten panel fotowoltaiczny jest gwarancj\u0105 niezawodnego \u017ar\u00f3d\u0142a czystej energii s\u0142onecznej.  Wymiary: 1646 \u00d7 1140 \u00d7 35mm  Moc: 390W\" \/>\n<meta property=\"og:url\" content=\"https:\/\/mivgo.pl\/sklep\/product\/panel-fotowoltaiczny-hyundai390w-hie-390uf-czarna-rama\/\" \/>\n<meta property=\"og:site_name\" content=\"mivgo.pl\" \/>\n<meta property=\"article:modified_time\" content=\"2024-07-30T10:25:41+00:00\" \/>\n<meta property=\"og:image\" content=\"https:\/\/mivgo.pl\/sklep\/wp-content\/uploads\/2024\/05\/images.jpg\" \/>\n\t<meta property=\"og:image:width\" content=\"225\" \/>\n\t<meta property=\"og:image:height\" content=\"225\" \/>\n\t<meta property=\"og:image:type\" content=\"image\/jpeg\" \/>\n<meta name=\"twitter:card\" content=\"summary_large_image\" \/>\n<meta name=\"twitter:label1\" content=\"Szacowany czas czytania\" \/>\n\t<meta name=\"twitter:data1\" content=\"2 minuty\" \/>\n<script type=\"application\/ld+json\" class=\"yoast-schema-graph\">{\"@context\":\"https:\/\/schema.org\",\"@graph\":[{\"@type\":\"WebPage\",\"@id\":\"https:\/\/mivgo.pl\/sklep\/product\/panel-fotowoltaiczny-hyundai390w-hie-390uf-czarna-rama\/\",\"url\":\"https:\/\/mivgo.pl\/sklep\/product\/panel-fotowoltaiczny-hyundai390w-hie-390uf-czarna-rama\/\",\"name\":\"PANEL FOTOWOLTAICZNY HYUNDAI390W HiE-390UF CZARNA RAMA - mivgo.pl\",\"isPartOf\":{\"@id\":\"https:\/\/mivgo.pl\/sklep\/#website\"},\"primaryImageOfPage\":{\"@id\":\"https:\/\/mivgo.pl\/sklep\/product\/panel-fotowoltaiczny-hyundai390w-hie-390uf-czarna-rama\/#primaryimage\"},\"image\":{\"@id\":\"https:\/\/mivgo.pl\/sklep\/product\/panel-fotowoltaiczny-hyundai390w-hie-390uf-czarna-rama\/#primaryimage\"},\"thumbnailUrl\":\"https:\/\/mivgo.pl\/sklep\/wp-content\/uploads\/2024\/05\/images.jpg\",\"datePublished\":\"2024-05-10T13:12:56+00:00\",\"dateModified\":\"2024-07-30T10:25:41+00:00\",\"breadcrumb\":{\"@id\":\"https:\/\/mivgo.pl\/sklep\/product\/panel-fotowoltaiczny-hyundai390w-hie-390uf-czarna-rama\/#breadcrumb\"},\"inLanguage\":\"pl-PL\",\"potentialAction\":[{\"@type\":\"ReadAction\",\"target\":[\"https:\/\/mivgo.pl\/sklep\/product\/panel-fotowoltaiczny-hyundai390w-hie-390uf-czarna-rama\/\"]}]},{\"@type\":\"ImageObject\",\"inLanguage\":\"pl-PL\",\"@id\":\"https:\/\/mivgo.pl\/sklep\/product\/panel-fotowoltaiczny-hyundai390w-hie-390uf-czarna-rama\/#primaryimage\",\"url\":\"https:\/\/mivgo.pl\/sklep\/wp-content\/uploads\/2024\/05\/images.jpg\",\"contentUrl\":\"https:\/\/mivgo.pl\/sklep\/wp-content\/uploads\/2024\/05\/images.jpg\",\"width\":225,\"height\":225},{\"@type\":\"BreadcrumbList\",\"@id\":\"https:\/\/mivgo.pl\/sklep\/product\/panel-fotowoltaiczny-hyundai390w-hie-390uf-czarna-rama\/#breadcrumb\",\"itemListElement\":[{\"@type\":\"ListItem\",\"position\":1,\"name\":\"Strona g\u0142\u00f3wna\",\"item\":\"https:\/\/mivgo.pl\/sklep\/\"},{\"@type\":\"ListItem\",\"position\":2,\"name\":\"Sklep\",\"item\":\"https:\/\/mivgo.pl\/sklep\/sklep\/\"},{\"@type\":\"ListItem\",\"position\":3,\"name\":\"PANEL FOTOWOLTAICZNY HYUNDAI390W HiE-390UF CZARNA RAMA\"}]},{\"@type\":\"WebSite\",\"@id\":\"https:\/\/mivgo.pl\/sklep\/#website\",\"url\":\"https:\/\/mivgo.pl\/sklep\/\",\"name\":\"mivgo.pl\",\"description\":\"\",\"publisher\":{\"@id\":\"https:\/\/mivgo.pl\/sklep\/#organization\"},\"potentialAction\":[{\"@type\":\"SearchAction\",\"target\":{\"@type\":\"EntryPoint\",\"urlTemplate\":\"https:\/\/mivgo.pl\/sklep\/?s={search_term_string}\"},\"query-input\":{\"@type\":\"PropertyValueSpecification\",\"valueRequired\":true,\"valueName\":\"search_term_string\"}}],\"inLanguage\":\"pl-PL\"},{\"@type\":\"Organization\",\"@id\":\"https:\/\/mivgo.pl\/sklep\/#organization\",\"name\":\"MIVGO sp. z o.o.\",\"alternateName\":\"MIVGO\",\"url\":\"https:\/\/mivgo.pl\/sklep\/\",\"logo\":{\"@type\":\"ImageObject\",\"inLanguage\":\"pl-PL\",\"@id\":\"https:\/\/mivgo.pl\/sklep\/#\/schema\/logo\/image\/\",\"url\":\"https:\/\/mivgo.pl\/sklep\/wp-content\/uploads\/2023\/04\/logo-Mivgo.png\",\"contentUrl\":\"https:\/\/mivgo.pl\/sklep\/wp-content\/uploads\/2023\/04\/logo-Mivgo.png\",\"width\":700,\"height\":700,\"caption\":\"MIVGO sp. z o.o.\"},\"image\":{\"@id\":\"https:\/\/mivgo.pl\/sklep\/#\/schema\/logo\/image\/\"}}]}<\/script>\n<!-- \/ Yoast SEO plugin. -->","yoast_head_json":{"title":"PANEL FOTOWOLTAICZNY HYUNDAI390W HiE-390UF CZARNA RAMA - mivgo.pl","robots":{"index":"index","follow":"follow","max-snippet":"max-snippet:-1","max-image-preview":"max-image-preview:large","max-video-preview":"max-video-preview:-1"},"canonical":"https:\/\/mivgo.pl\/sklep\/product\/panel-fotowoltaiczny-hyundai390w-hie-390uf-czarna-rama\/","og_locale":"pl_PL","og_type":"article","og_title":"PANEL FOTOWOLTAICZNY HYUNDAI390W HiE-390UF CZARNA RAMA - mivgo.pl","og_description":"Doskona\u0142o\u015b\u0107 i Estetyka w Jednym.  Panel fotowoltaiczny Hyundai 390W HiE-390UF Black Frame to inkarnacja doskona\u0142ej wydajno\u015bci i niezwyk\u0142ej elegancji. Zaprojektowany z my\u015bl\u0105 o najbardziej wymagaj\u0105cych klientach, ten panel fotowoltaiczny jest gwarancj\u0105 niezawodnego \u017ar\u00f3d\u0142a czystej energii s\u0142onecznej.  Wymiary: 1646 \u00d7 1140 \u00d7 35mm  Moc: 390W","og_url":"https:\/\/mivgo.pl\/sklep\/product\/panel-fotowoltaiczny-hyundai390w-hie-390uf-czarna-rama\/","og_site_name":"mivgo.pl","article_modified_time":"2024-07-30T10:25:41+00:00","og_image":[{"width":225,"height":225,"url":"https:\/\/mivgo.pl\/sklep\/wp-content\/uploads\/2024\/05\/images.jpg","type":"image\/jpeg"}],"twitter_card":"summary_large_image","twitter_misc":{"Szacowany czas czytania":"2 minuty"},"schema":{"@context":"https:\/\/schema.org","@graph":[{"@type":"WebPage","@id":"https:\/\/mivgo.pl\/sklep\/product\/panel-fotowoltaiczny-hyundai390w-hie-390uf-czarna-rama\/","url":"https:\/\/mivgo.pl\/sklep\/product\/panel-fotowoltaiczny-hyundai390w-hie-390uf-czarna-rama\/","name":"PANEL FOTOWOLTAICZNY HYUNDAI390W HiE-390UF CZARNA RAMA - mivgo.pl","isPartOf":{"@id":"https:\/\/mivgo.pl\/sklep\/#website"},"primaryImageOfPage":{"@id":"https:\/\/mivgo.pl\/sklep\/product\/panel-fotowoltaiczny-hyundai390w-hie-390uf-czarna-rama\/#primaryimage"},"image":{"@id":"https:\/\/mivgo.pl\/sklep\/product\/panel-fotowoltaiczny-hyundai390w-hie-390uf-czarna-rama\/#primaryimage"},"thumbnailUrl":"https:\/\/mivgo.pl\/sklep\/wp-content\/uploads\/2024\/05\/images.jpg","datePublished":"2024-05-10T13:12:56+00:00","dateModified":"2024-07-30T10:25:41+00:00","breadcrumb":{"@id":"https:\/\/mivgo.pl\/sklep\/product\/panel-fotowoltaiczny-hyundai390w-hie-390uf-czarna-rama\/#breadcrumb"},"inLanguage":"pl-PL","potentialAction":[{"@type":"ReadAction","target":["https:\/\/mivgo.pl\/sklep\/product\/panel-fotowoltaiczny-hyundai390w-hie-390uf-czarna-rama\/"]}]},{"@type":"ImageObject","inLanguage":"pl-PL","@id":"https:\/\/mivgo.pl\/sklep\/product\/panel-fotowoltaiczny-hyundai390w-hie-390uf-czarna-rama\/#primaryimage","url":"https:\/\/mivgo.pl\/sklep\/wp-content\/uploads\/2024\/05\/images.jpg","contentUrl":"https:\/\/mivgo.pl\/sklep\/wp-content\/uploads\/2024\/05\/images.jpg","width":225,"height":225},{"@type":"BreadcrumbList","@id":"https:\/\/mivgo.pl\/sklep\/product\/panel-fotowoltaiczny-hyundai390w-hie-390uf-czarna-rama\/#breadcrumb","itemListElement":[{"@type":"ListItem","position":1,"name":"Strona g\u0142\u00f3wna","item":"https:\/\/mivgo.pl\/sklep\/"},{"@type":"ListItem","position":2,"name":"Sklep","item":"https:\/\/mivgo.pl\/sklep\/sklep\/"},{"@type":"ListItem","position":3,"name":"PANEL FOTOWOLTAICZNY HYUNDAI390W HiE-390UF CZARNA RAMA"}]},{"@type":"WebSite","@id":"https:\/\/mivgo.pl\/sklep\/#website","url":"https:\/\/mivgo.pl\/sklep\/","name":"mivgo.pl","description":"","publisher":{"@id":"https:\/\/mivgo.pl\/sklep\/#organization"},"potentialAction":[{"@type":"SearchAction","target":{"@type":"EntryPoint","urlTemplate":"https:\/\/mivgo.pl\/sklep\/?s={search_term_string}"},"query-input":{"@type":"PropertyValueSpecification","valueRequired":true,"valueName":"search_term_string"}}],"inLanguage":"pl-PL"},{"@type":"Organization","@id":"https:\/\/mivgo.pl\/sklep\/#organization","name":"MIVGO sp. z o.o.","alternateName":"MIVGO","url":"https:\/\/mivgo.pl\/sklep\/","logo":{"@type":"ImageObject","inLanguage":"pl-PL","@id":"https:\/\/mivgo.pl\/sklep\/#\/schema\/logo\/image\/","url":"https:\/\/mivgo.pl\/sklep\/wp-content\/uploads\/2023\/04\/logo-Mivgo.png","contentUrl":"https:\/\/mivgo.pl\/sklep\/wp-content\/uploads\/2023\/04\/logo-Mivgo.png","width":700,"height":700,"caption":"MIVGO sp. z o.o."},"image":{"@id":"https:\/\/mivgo.pl\/sklep\/#\/schema\/logo\/image\/"}}]}},"_links":{"self":[{"href":"https:\/\/mivgo.pl\/sklep\/wp-json\/wp\/v2\/product\/5687","targetHints":{"allow":["GET"]}}],"collection":[{"href":"https:\/\/mivgo.pl\/sklep\/wp-json\/wp\/v2\/product"}],"about":[{"href":"https:\/\/mivgo.pl\/sklep\/wp-json\/wp\/v2\/types\/product"}],"replies":[{"embeddable":true,"href":"https:\/\/mivgo.pl\/sklep\/wp-json\/wp\/v2\/comments?post=5687"}],"wp:featuredmedia":[{"embeddable":true,"href":"https:\/\/mivgo.pl\/sklep\/wp-json\/wp\/v2\/media\/5690"}],"wp:attachment":[{"href":"https:\/\/mivgo.pl\/sklep\/wp-json\/wp\/v2\/media?parent=5687"}],"wp:term":[{"taxonomy":"product_brand","embeddable":true,"href":"https:\/\/mivgo.pl\/sklep\/wp-json\/wp\/v2\/product_brand?post=5687"},{"taxonomy":"product_cat","embeddable":true,"href":"https:\/\/mivgo.pl\/sklep\/wp-json\/wp\/v2\/product_cat?post=5687"},{"taxonomy":"product_tag","embeddable":true,"href":"https:\/\/mivgo.pl\/sklep\/wp-json\/wp\/v2\/product_tag?post=5687"}],"curies":[{"name":"wp","href":"https:\/\/api.w.org\/{rel}","templated":true}]}}