{"id":5642,"date":"2024-05-09T13:12:32","date_gmt":"2024-05-09T11:12:32","guid":{"rendered":"https:\/\/mivgo.pl\/sklep\/?post_type=product&#038;p=5642"},"modified":"2024-05-15T16:41:50","modified_gmt":"2024-05-15T14:41:50","slug":"przewod-typu-h1z2z2-k-1x6-czerwony","status":"publish","type":"product","link":"https:\/\/mivgo.pl\/sklep\/product\/przewod-typu-h1z2z2-k-1x6-czerwony\/","title":{"rendered":"Przew\u00f3d typu H1Z2Z2-K 1X6 czerwony"},"content":{"rendered":"<p><span style=\"color: #000000;\"><strong>Przew\u00f3d typu H1Z2Z2-K 1X6<\/strong><\/span><\/p>\n<p><span style=\"color: #000000;\">Przew\u00f3d typu H1Z2Z2-K 1X6, przeznaczony jest do stosowania w instalacjach fotowoltaicznych.<\/span><\/p>\n","protected":false},"excerpt":{"rendered":"<p>Przew\u00f3d typu H1Z2Z2-K 1X6 Przew\u00f3d typu H1Z2Z2-K 1X6, przeznaczony jest do stosowania w instalacjach fotowoltaicznych.<\/p>\n","protected":false},"featured_media":5720,"comment_status":"open","ping_status":"closed","template":"","meta":{"_acf_changed":false},"product_brand":[],"product_cat":[231],"product_tag":[],"class_list":{"0":"post-5642","1":"product","2":"type-product","3":"status-publish","4":"has-post-thumbnail","6":"product_cat-przewody","7":"product_shipping_class-pozostale-kurier","9":"first","10":"instock","11":"taxable","12":"shipping-taxable","13":"purchasable","14":"product-type-simple"},"acf":[],"yoast_head":"<!-- This site is optimized with the Yoast SEO plugin v27.2 - https:\/\/yoast.com\/product\/yoast-seo-wordpress\/ -->\n<title>Przew\u00f3d typu H1Z2Z2-K 1X6 czerwony - mivgo.pl<\/title>\n<meta name=\"description\" content=\"Przew\u00f3d stosowany do instalacji fotowoltaicznych DC, miedziany, ocynowany. Przekr\u00f3j 6 mm2. Jedno\u017cy\u0142owy. Bezhalogenowy. Elastyczny. Czerwony.\" \/>\n<meta name=\"robots\" content=\"index, follow, max-snippet:-1, max-image-preview:large, max-video-preview:-1\" \/>\n<link rel=\"canonical\" href=\"https:\/\/mivgo.pl\/sklep\/product\/przewod-typu-h1z2z2-k-1x6-czerwony\/\" \/>\n<meta property=\"og:locale\" content=\"pl_PL\" \/>\n<meta property=\"og:type\" content=\"article\" \/>\n<meta property=\"og:title\" content=\"Przew\u00f3d typu H1Z2Z2-K 1X6 czerwony - mivgo.pl\" \/>\n<meta property=\"og:description\" content=\"Przew\u00f3d stosowany do instalacji fotowoltaicznych DC, miedziany, ocynowany. Przekr\u00f3j 6 mm2. Jedno\u017cy\u0142owy. Bezhalogenowy. Elastyczny. Czerwony.\" \/>\n<meta property=\"og:url\" content=\"https:\/\/mivgo.pl\/sklep\/product\/przewod-typu-h1z2z2-k-1x6-czerwony\/\" \/>\n<meta property=\"og:site_name\" content=\"mivgo.pl\" \/>\n<meta property=\"article:modified_time\" content=\"2024-05-15T14:41:50+00:00\" \/>\n<meta property=\"og:image\" content=\"https:\/\/mivgo.pl\/sklep\/wp-content\/uploads\/2024\/05\/Przewod-typu-H1Z2Z2-K-1X6-czerwony-MIVGO.png\" \/>\n\t<meta property=\"og:image:width\" content=\"800\" \/>\n\t<meta property=\"og:image:height\" content=\"800\" \/>\n\t<meta property=\"og:image:type\" content=\"image\/png\" \/>\n<meta name=\"twitter:card\" content=\"summary_large_image\" \/>\n<meta name=\"twitter:label1\" content=\"Szacowany czas czytania\" \/>\n\t<meta name=\"twitter:data1\" content=\"1 minuta\" \/>\n<script type=\"application\/ld+json\" class=\"yoast-schema-graph\">{\"@context\":\"https:\/\/schema.org\",\"@graph\":[{\"@type\":\"WebPage\",\"@id\":\"https:\/\/mivgo.pl\/sklep\/product\/przewod-typu-h1z2z2-k-1x6-czerwony\/\",\"url\":\"https:\/\/mivgo.pl\/sklep\/product\/przewod-typu-h1z2z2-k-1x6-czerwony\/\",\"name\":\"Przew\u00f3d typu H1Z2Z2-K 1X6 czerwony - mivgo.pl\",\"isPartOf\":{\"@id\":\"https:\/\/mivgo.pl\/sklep\/#website\"},\"primaryImageOfPage\":{\"@id\":\"https:\/\/mivgo.pl\/sklep\/product\/przewod-typu-h1z2z2-k-1x6-czerwony\/#primaryimage\"},\"image\":{\"@id\":\"https:\/\/mivgo.pl\/sklep\/product\/przewod-typu-h1z2z2-k-1x6-czerwony\/#primaryimage\"},\"thumbnailUrl\":\"https:\/\/mivgo.pl\/sklep\/wp-content\/uploads\/2024\/05\/Przewod-typu-H1Z2Z2-K-1X6-czerwony-MIVGO.png\",\"datePublished\":\"2024-05-09T11:12:32+00:00\",\"dateModified\":\"2024-05-15T14:41:50+00:00\",\"description\":\"Przew\u00f3d stosowany do instalacji fotowoltaicznych DC, miedziany, ocynowany. Przekr\u00f3j 6 mm2. Jedno\u017cy\u0142owy. Bezhalogenowy. Elastyczny. Czerwony.\",\"breadcrumb\":{\"@id\":\"https:\/\/mivgo.pl\/sklep\/product\/przewod-typu-h1z2z2-k-1x6-czerwony\/#breadcrumb\"},\"inLanguage\":\"pl-PL\",\"potentialAction\":[{\"@type\":\"ReadAction\",\"target\":[\"https:\/\/mivgo.pl\/sklep\/product\/przewod-typu-h1z2z2-k-1x6-czerwony\/\"]}]},{\"@type\":\"ImageObject\",\"inLanguage\":\"pl-PL\",\"@id\":\"https:\/\/mivgo.pl\/sklep\/product\/przewod-typu-h1z2z2-k-1x6-czerwony\/#primaryimage\",\"url\":\"https:\/\/mivgo.pl\/sklep\/wp-content\/uploads\/2024\/05\/Przewod-typu-H1Z2Z2-K-1X6-czerwony-MIVGO.png\",\"contentUrl\":\"https:\/\/mivgo.pl\/sklep\/wp-content\/uploads\/2024\/05\/Przewod-typu-H1Z2Z2-K-1X6-czerwony-MIVGO.png\",\"width\":800,\"height\":800},{\"@type\":\"BreadcrumbList\",\"@id\":\"https:\/\/mivgo.pl\/sklep\/product\/przewod-typu-h1z2z2-k-1x6-czerwony\/#breadcrumb\",\"itemListElement\":[{\"@type\":\"ListItem\",\"position\":1,\"name\":\"Strona g\u0142\u00f3wna\",\"item\":\"https:\/\/mivgo.pl\/sklep\/\"},{\"@type\":\"ListItem\",\"position\":2,\"name\":\"Sklep\",\"item\":\"https:\/\/mivgo.pl\/sklep\/sklep\/\"},{\"@type\":\"ListItem\",\"position\":3,\"name\":\"Przew\u00f3d typu H1Z2Z2-K 1X6 czerwony\"}]},{\"@type\":\"WebSite\",\"@id\":\"https:\/\/mivgo.pl\/sklep\/#website\",\"url\":\"https:\/\/mivgo.pl\/sklep\/\",\"name\":\"mivgo.pl\",\"description\":\"\",\"publisher\":{\"@id\":\"https:\/\/mivgo.pl\/sklep\/#organization\"},\"potentialAction\":[{\"@type\":\"SearchAction\",\"target\":{\"@type\":\"EntryPoint\",\"urlTemplate\":\"https:\/\/mivgo.pl\/sklep\/?s={search_term_string}\"},\"query-input\":{\"@type\":\"PropertyValueSpecification\",\"valueRequired\":true,\"valueName\":\"search_term_string\"}}],\"inLanguage\":\"pl-PL\"},{\"@type\":\"Organization\",\"@id\":\"https:\/\/mivgo.pl\/sklep\/#organization\",\"name\":\"MIVGO sp. z o.o.\",\"alternateName\":\"MIVGO\",\"url\":\"https:\/\/mivgo.pl\/sklep\/\",\"logo\":{\"@type\":\"ImageObject\",\"inLanguage\":\"pl-PL\",\"@id\":\"https:\/\/mivgo.pl\/sklep\/#\/schema\/logo\/image\/\",\"url\":\"https:\/\/mivgo.pl\/sklep\/wp-content\/uploads\/2023\/04\/logo-Mivgo.png\",\"contentUrl\":\"https:\/\/mivgo.pl\/sklep\/wp-content\/uploads\/2023\/04\/logo-Mivgo.png\",\"width\":700,\"height\":700,\"caption\":\"MIVGO sp. z o.o.\"},\"image\":{\"@id\":\"https:\/\/mivgo.pl\/sklep\/#\/schema\/logo\/image\/\"}}]}<\/script>\n<!-- \/ Yoast SEO plugin. -->","yoast_head_json":{"title":"Przew\u00f3d typu H1Z2Z2-K 1X6 czerwony - mivgo.pl","description":"Przew\u00f3d stosowany do instalacji fotowoltaicznych DC, miedziany, ocynowany. Przekr\u00f3j 6 mm2. Jedno\u017cy\u0142owy. Bezhalogenowy. Elastyczny. Czerwony.","robots":{"index":"index","follow":"follow","max-snippet":"max-snippet:-1","max-image-preview":"max-image-preview:large","max-video-preview":"max-video-preview:-1"},"canonical":"https:\/\/mivgo.pl\/sklep\/product\/przewod-typu-h1z2z2-k-1x6-czerwony\/","og_locale":"pl_PL","og_type":"article","og_title":"Przew\u00f3d typu H1Z2Z2-K 1X6 czerwony - mivgo.pl","og_description":"Przew\u00f3d stosowany do instalacji fotowoltaicznych DC, miedziany, ocynowany. Przekr\u00f3j 6 mm2. Jedno\u017cy\u0142owy. Bezhalogenowy. Elastyczny. Czerwony.","og_url":"https:\/\/mivgo.pl\/sklep\/product\/przewod-typu-h1z2z2-k-1x6-czerwony\/","og_site_name":"mivgo.pl","article_modified_time":"2024-05-15T14:41:50+00:00","og_image":[{"width":800,"height":800,"url":"https:\/\/mivgo.pl\/sklep\/wp-content\/uploads\/2024\/05\/Przewod-typu-H1Z2Z2-K-1X6-czerwony-MIVGO.png","type":"image\/png"}],"twitter_card":"summary_large_image","twitter_misc":{"Szacowany czas czytania":"1 minuta"},"schema":{"@context":"https:\/\/schema.org","@graph":[{"@type":"WebPage","@id":"https:\/\/mivgo.pl\/sklep\/product\/przewod-typu-h1z2z2-k-1x6-czerwony\/","url":"https:\/\/mivgo.pl\/sklep\/product\/przewod-typu-h1z2z2-k-1x6-czerwony\/","name":"Przew\u00f3d typu H1Z2Z2-K 1X6 czerwony - mivgo.pl","isPartOf":{"@id":"https:\/\/mivgo.pl\/sklep\/#website"},"primaryImageOfPage":{"@id":"https:\/\/mivgo.pl\/sklep\/product\/przewod-typu-h1z2z2-k-1x6-czerwony\/#primaryimage"},"image":{"@id":"https:\/\/mivgo.pl\/sklep\/product\/przewod-typu-h1z2z2-k-1x6-czerwony\/#primaryimage"},"thumbnailUrl":"https:\/\/mivgo.pl\/sklep\/wp-content\/uploads\/2024\/05\/Przewod-typu-H1Z2Z2-K-1X6-czerwony-MIVGO.png","datePublished":"2024-05-09T11:12:32+00:00","dateModified":"2024-05-15T14:41:50+00:00","description":"Przew\u00f3d stosowany do instalacji fotowoltaicznych DC, miedziany, ocynowany. Przekr\u00f3j 6 mm2. Jedno\u017cy\u0142owy. Bezhalogenowy. Elastyczny. Czerwony.","breadcrumb":{"@id":"https:\/\/mivgo.pl\/sklep\/product\/przewod-typu-h1z2z2-k-1x6-czerwony\/#breadcrumb"},"inLanguage":"pl-PL","potentialAction":[{"@type":"ReadAction","target":["https:\/\/mivgo.pl\/sklep\/product\/przewod-typu-h1z2z2-k-1x6-czerwony\/"]}]},{"@type":"ImageObject","inLanguage":"pl-PL","@id":"https:\/\/mivgo.pl\/sklep\/product\/przewod-typu-h1z2z2-k-1x6-czerwony\/#primaryimage","url":"https:\/\/mivgo.pl\/sklep\/wp-content\/uploads\/2024\/05\/Przewod-typu-H1Z2Z2-K-1X6-czerwony-MIVGO.png","contentUrl":"https:\/\/mivgo.pl\/sklep\/wp-content\/uploads\/2024\/05\/Przewod-typu-H1Z2Z2-K-1X6-czerwony-MIVGO.png","width":800,"height":800},{"@type":"BreadcrumbList","@id":"https:\/\/mivgo.pl\/sklep\/product\/przewod-typu-h1z2z2-k-1x6-czerwony\/#breadcrumb","itemListElement":[{"@type":"ListItem","position":1,"name":"Strona g\u0142\u00f3wna","item":"https:\/\/mivgo.pl\/sklep\/"},{"@type":"ListItem","position":2,"name":"Sklep","item":"https:\/\/mivgo.pl\/sklep\/sklep\/"},{"@type":"ListItem","position":3,"name":"Przew\u00f3d typu H1Z2Z2-K 1X6 czerwony"}]},{"@type":"WebSite","@id":"https:\/\/mivgo.pl\/sklep\/#website","url":"https:\/\/mivgo.pl\/sklep\/","name":"mivgo.pl","description":"","publisher":{"@id":"https:\/\/mivgo.pl\/sklep\/#organization"},"potentialAction":[{"@type":"SearchAction","target":{"@type":"EntryPoint","urlTemplate":"https:\/\/mivgo.pl\/sklep\/?s={search_term_string}"},"query-input":{"@type":"PropertyValueSpecification","valueRequired":true,"valueName":"search_term_string"}}],"inLanguage":"pl-PL"},{"@type":"Organization","@id":"https:\/\/mivgo.pl\/sklep\/#organization","name":"MIVGO sp. z o.o.","alternateName":"MIVGO","url":"https:\/\/mivgo.pl\/sklep\/","logo":{"@type":"ImageObject","inLanguage":"pl-PL","@id":"https:\/\/mivgo.pl\/sklep\/#\/schema\/logo\/image\/","url":"https:\/\/mivgo.pl\/sklep\/wp-content\/uploads\/2023\/04\/logo-Mivgo.png","contentUrl":"https:\/\/mivgo.pl\/sklep\/wp-content\/uploads\/2023\/04\/logo-Mivgo.png","width":700,"height":700,"caption":"MIVGO sp. z o.o."},"image":{"@id":"https:\/\/mivgo.pl\/sklep\/#\/schema\/logo\/image\/"}}]}},"_links":{"self":[{"href":"https:\/\/mivgo.pl\/sklep\/wp-json\/wp\/v2\/product\/5642","targetHints":{"allow":["GET"]}}],"collection":[{"href":"https:\/\/mivgo.pl\/sklep\/wp-json\/wp\/v2\/product"}],"about":[{"href":"https:\/\/mivgo.pl\/sklep\/wp-json\/wp\/v2\/types\/product"}],"replies":[{"embeddable":true,"href":"https:\/\/mivgo.pl\/sklep\/wp-json\/wp\/v2\/comments?post=5642"}],"wp:featuredmedia":[{"embeddable":true,"href":"https:\/\/mivgo.pl\/sklep\/wp-json\/wp\/v2\/media\/5720"}],"wp:attachment":[{"href":"https:\/\/mivgo.pl\/sklep\/wp-json\/wp\/v2\/media?parent=5642"}],"wp:term":[{"taxonomy":"product_brand","embeddable":true,"href":"https:\/\/mivgo.pl\/sklep\/wp-json\/wp\/v2\/product_brand?post=5642"},{"taxonomy":"product_cat","embeddable":true,"href":"https:\/\/mivgo.pl\/sklep\/wp-json\/wp\/v2\/product_cat?post=5642"},{"taxonomy":"product_tag","embeddable":true,"href":"https:\/\/mivgo.pl\/sklep\/wp-json\/wp\/v2\/product_tag?post=5642"}],"curies":[{"name":"wp","href":"https:\/\/api.w.org\/{rel}","templated":true}]}}