{"id":5621,"date":"2024-05-07T00:20:32","date_gmt":"2024-05-06T22:20:32","guid":{"rendered":"https:\/\/mivgo.pl\/sklep\/?post_type=product&#038;p=5621"},"modified":"2024-05-07T00:47:26","modified_gmt":"2024-05-06T22:47:26","slug":"inwerter-sofar-1100tl-g3","status":"publish","type":"product","link":"https:\/\/mivgo.pl\/sklep\/product\/inwerter-sofar-1100tl-g3\/","title":{"rendered":"Inwerter SOFAR 1100TL-G3"},"content":{"rendered":"<p><strong>Inwerter sieciowy Sofar Solar 1100 TL-G3<\/strong><\/p>\n<p>Inwertery sieciowe (falowniki) firmy\u00a0Sofar Solar s\u0105 urz\u0105dzeniami bardzo dobrej jako\u015bci oferowanymi w korzystnych cenach.<\/p>\n<p>Inwerter spe\u0142nia wszystkie wymagania programu\u00a0PROSUMENT, posiada certyfikaty niezb\u0119dne do przy\u0142\u0105czenia go do sieci elektroenergetycznej oraz jest zgodny z planowanymi do wprowadzenia w Niemczech standardami sieciowymi dla inteligentnej sieci elektroenergetycznej. Dzi\u0119ki temu, w przysz\u0142o\u015bci, gdy standardy takie zostan\u0105 wprowadzone w Polsce, nie b\u0119dzie konieczno\u015bci wymiany inwertera na nowy model.<\/p>\n<p>Wysoki stopie\u0144 szczelno\u015bci (IP65) zapewnia, \u017ce inwerter jest ca\u0142kowicie zabezpieczony przed wnikaniem py\u0142u oraz mo\u017ce by\u0107 wystawiony na dzia\u0142anie deszczu. Daje to pewno\u015b\u0107 d\u0142ugiej i bezawaryjnej pracy zar\u00f3wno w pomieszczeniach jak i zewn\u0105trz.<\/p>\n<p>Dzi\u0119ki wbudowanemu modu\u0142owi Wi-Fi mo\u017cna na bie\u017c\u0105co \u015bledzi\u0107 produkcj\u0119 energii elektrycznej za po\u015brednictwem internetu, na komputerze lub smartphonie. W przypadku braku dost\u0119pnej sieci bezprzewodowej mo\u017cliwe jest pod\u0142\u0105czenie inwertera do internetu za pomoc\u0105 kabla lub poprzez sieci kom\u00f3rkow\u0105 (GSM).<\/p>\n<p>&nbsp;<\/p>\n<p>&nbsp;<\/p>\n","protected":false},"excerpt":{"rendered":"<p>Sofar Solar jednofazowy inwerter (falownik) seria TL-G3 \u2013 niezawodno\u015b\u0107 potwierdzona 12-letni\u0105 gwarancj\u0105 producenta.<\/p>\n","protected":false},"featured_media":5620,"comment_status":"open","ping_status":"closed","template":"","meta":{"_acf_changed":false},"product_brand":[],"product_cat":[251,17,250,248],"product_tag":[],"class_list":{"0":"post-5621","1":"product","2":"type-product","3":"status-publish","4":"has-post-thumbnail","6":"product_cat-1-fazowe","7":"product_cat-inwertery","8":"product_cat-on-grid-sofar-inwertery","9":"product_cat-sofar","10":"product_shipping_class-inwertery-do-40-kw-kurier","12":"first","13":"instock","14":"taxable","15":"shipping-taxable","16":"purchasable","17":"product-type-simple"},"acf":[],"yoast_head":"<!-- This site is optimized with the Yoast SEO plugin v27.2 - https:\/\/yoast.com\/product\/yoast-seo-wordpress\/ -->\n<title>Inwerter SOFAR 1100TL-G3 - mivgo.pl<\/title>\n<meta name=\"robots\" content=\"index, follow, max-snippet:-1, max-image-preview:large, max-video-preview:-1\" \/>\n<link rel=\"canonical\" href=\"https:\/\/mivgo.pl\/sklep\/product\/inwerter-sofar-1100tl-g3\/\" \/>\n<meta property=\"og:locale\" content=\"pl_PL\" \/>\n<meta property=\"og:type\" content=\"article\" \/>\n<meta property=\"og:title\" content=\"Inwerter SOFAR 1100TL-G3 - mivgo.pl\" \/>\n<meta property=\"og:description\" content=\"Sofar Solar jednofazowy inwerter (falownik) seria TL-G3 \u2013 niezawodno\u015b\u0107 potwierdzona 12-letni\u0105 gwarancj\u0105 producenta.\" \/>\n<meta property=\"og:url\" content=\"https:\/\/mivgo.pl\/sklep\/product\/inwerter-sofar-1100tl-g3\/\" \/>\n<meta property=\"og:site_name\" content=\"mivgo.pl\" \/>\n<meta property=\"article:modified_time\" content=\"2024-05-06T22:47:26+00:00\" \/>\n<meta property=\"og:image\" content=\"https:\/\/mivgo.pl\/sklep\/wp-content\/uploads\/2024\/05\/SOFAR-3.3k-12kTL-X1.png\" \/>\n\t<meta property=\"og:image:width\" content=\"381\" \/>\n\t<meta property=\"og:image:height\" content=\"408\" \/>\n\t<meta property=\"og:image:type\" content=\"image\/png\" \/>\n<meta name=\"twitter:card\" content=\"summary_large_image\" \/>\n<meta name=\"twitter:label1\" content=\"Szacowany czas czytania\" \/>\n\t<meta name=\"twitter:data1\" content=\"1 minuta\" \/>\n<script type=\"application\/ld+json\" class=\"yoast-schema-graph\">{\"@context\":\"https:\/\/schema.org\",\"@graph\":[{\"@type\":\"WebPage\",\"@id\":\"https:\/\/mivgo.pl\/sklep\/product\/inwerter-sofar-1100tl-g3\/\",\"url\":\"https:\/\/mivgo.pl\/sklep\/product\/inwerter-sofar-1100tl-g3\/\",\"name\":\"Inwerter SOFAR 1100TL-G3 - mivgo.pl\",\"isPartOf\":{\"@id\":\"https:\/\/mivgo.pl\/sklep\/#website\"},\"primaryImageOfPage\":{\"@id\":\"https:\/\/mivgo.pl\/sklep\/product\/inwerter-sofar-1100tl-g3\/#primaryimage\"},\"image\":{\"@id\":\"https:\/\/mivgo.pl\/sklep\/product\/inwerter-sofar-1100tl-g3\/#primaryimage\"},\"thumbnailUrl\":\"https:\/\/mivgo.pl\/sklep\/wp-content\/uploads\/2024\/05\/SOFAR-3.3k-12kTL-X1.png\",\"datePublished\":\"2024-05-06T22:20:32+00:00\",\"dateModified\":\"2024-05-06T22:47:26+00:00\",\"breadcrumb\":{\"@id\":\"https:\/\/mivgo.pl\/sklep\/product\/inwerter-sofar-1100tl-g3\/#breadcrumb\"},\"inLanguage\":\"pl-PL\",\"potentialAction\":[{\"@type\":\"ReadAction\",\"target\":[\"https:\/\/mivgo.pl\/sklep\/product\/inwerter-sofar-1100tl-g3\/\"]}]},{\"@type\":\"ImageObject\",\"inLanguage\":\"pl-PL\",\"@id\":\"https:\/\/mivgo.pl\/sklep\/product\/inwerter-sofar-1100tl-g3\/#primaryimage\",\"url\":\"https:\/\/mivgo.pl\/sklep\/wp-content\/uploads\/2024\/05\/SOFAR-3.3k-12kTL-X1.png\",\"contentUrl\":\"https:\/\/mivgo.pl\/sklep\/wp-content\/uploads\/2024\/05\/SOFAR-3.3k-12kTL-X1.png\",\"width\":381,\"height\":408},{\"@type\":\"BreadcrumbList\",\"@id\":\"https:\/\/mivgo.pl\/sklep\/product\/inwerter-sofar-1100tl-g3\/#breadcrumb\",\"itemListElement\":[{\"@type\":\"ListItem\",\"position\":1,\"name\":\"Strona g\u0142\u00f3wna\",\"item\":\"https:\/\/mivgo.pl\/sklep\/\"},{\"@type\":\"ListItem\",\"position\":2,\"name\":\"Sklep\",\"item\":\"https:\/\/mivgo.pl\/sklep\/sklep\/\"},{\"@type\":\"ListItem\",\"position\":3,\"name\":\"Inwerter SOFAR 1100TL-G3\"}]},{\"@type\":\"WebSite\",\"@id\":\"https:\/\/mivgo.pl\/sklep\/#website\",\"url\":\"https:\/\/mivgo.pl\/sklep\/\",\"name\":\"mivgo.pl\",\"description\":\"\",\"publisher\":{\"@id\":\"https:\/\/mivgo.pl\/sklep\/#organization\"},\"potentialAction\":[{\"@type\":\"SearchAction\",\"target\":{\"@type\":\"EntryPoint\",\"urlTemplate\":\"https:\/\/mivgo.pl\/sklep\/?s={search_term_string}\"},\"query-input\":{\"@type\":\"PropertyValueSpecification\",\"valueRequired\":true,\"valueName\":\"search_term_string\"}}],\"inLanguage\":\"pl-PL\"},{\"@type\":\"Organization\",\"@id\":\"https:\/\/mivgo.pl\/sklep\/#organization\",\"name\":\"MIVGO sp. z o.o.\",\"alternateName\":\"MIVGO\",\"url\":\"https:\/\/mivgo.pl\/sklep\/\",\"logo\":{\"@type\":\"ImageObject\",\"inLanguage\":\"pl-PL\",\"@id\":\"https:\/\/mivgo.pl\/sklep\/#\/schema\/logo\/image\/\",\"url\":\"https:\/\/mivgo.pl\/sklep\/wp-content\/uploads\/2023\/04\/logo-Mivgo.png\",\"contentUrl\":\"https:\/\/mivgo.pl\/sklep\/wp-content\/uploads\/2023\/04\/logo-Mivgo.png\",\"width\":700,\"height\":700,\"caption\":\"MIVGO sp. z o.o.\"},\"image\":{\"@id\":\"https:\/\/mivgo.pl\/sklep\/#\/schema\/logo\/image\/\"}}]}<\/script>\n<!-- \/ Yoast SEO plugin. -->","yoast_head_json":{"title":"Inwerter SOFAR 1100TL-G3 - mivgo.pl","robots":{"index":"index","follow":"follow","max-snippet":"max-snippet:-1","max-image-preview":"max-image-preview:large","max-video-preview":"max-video-preview:-1"},"canonical":"https:\/\/mivgo.pl\/sklep\/product\/inwerter-sofar-1100tl-g3\/","og_locale":"pl_PL","og_type":"article","og_title":"Inwerter SOFAR 1100TL-G3 - mivgo.pl","og_description":"Sofar Solar jednofazowy inwerter (falownik) seria TL-G3 \u2013 niezawodno\u015b\u0107 potwierdzona 12-letni\u0105 gwarancj\u0105 producenta.","og_url":"https:\/\/mivgo.pl\/sklep\/product\/inwerter-sofar-1100tl-g3\/","og_site_name":"mivgo.pl","article_modified_time":"2024-05-06T22:47:26+00:00","og_image":[{"width":381,"height":408,"url":"https:\/\/mivgo.pl\/sklep\/wp-content\/uploads\/2024\/05\/SOFAR-3.3k-12kTL-X1.png","type":"image\/png"}],"twitter_card":"summary_large_image","twitter_misc":{"Szacowany czas czytania":"1 minuta"},"schema":{"@context":"https:\/\/schema.org","@graph":[{"@type":"WebPage","@id":"https:\/\/mivgo.pl\/sklep\/product\/inwerter-sofar-1100tl-g3\/","url":"https:\/\/mivgo.pl\/sklep\/product\/inwerter-sofar-1100tl-g3\/","name":"Inwerter SOFAR 1100TL-G3 - mivgo.pl","isPartOf":{"@id":"https:\/\/mivgo.pl\/sklep\/#website"},"primaryImageOfPage":{"@id":"https:\/\/mivgo.pl\/sklep\/product\/inwerter-sofar-1100tl-g3\/#primaryimage"},"image":{"@id":"https:\/\/mivgo.pl\/sklep\/product\/inwerter-sofar-1100tl-g3\/#primaryimage"},"thumbnailUrl":"https:\/\/mivgo.pl\/sklep\/wp-content\/uploads\/2024\/05\/SOFAR-3.3k-12kTL-X1.png","datePublished":"2024-05-06T22:20:32+00:00","dateModified":"2024-05-06T22:47:26+00:00","breadcrumb":{"@id":"https:\/\/mivgo.pl\/sklep\/product\/inwerter-sofar-1100tl-g3\/#breadcrumb"},"inLanguage":"pl-PL","potentialAction":[{"@type":"ReadAction","target":["https:\/\/mivgo.pl\/sklep\/product\/inwerter-sofar-1100tl-g3\/"]}]},{"@type":"ImageObject","inLanguage":"pl-PL","@id":"https:\/\/mivgo.pl\/sklep\/product\/inwerter-sofar-1100tl-g3\/#primaryimage","url":"https:\/\/mivgo.pl\/sklep\/wp-content\/uploads\/2024\/05\/SOFAR-3.3k-12kTL-X1.png","contentUrl":"https:\/\/mivgo.pl\/sklep\/wp-content\/uploads\/2024\/05\/SOFAR-3.3k-12kTL-X1.png","width":381,"height":408},{"@type":"BreadcrumbList","@id":"https:\/\/mivgo.pl\/sklep\/product\/inwerter-sofar-1100tl-g3\/#breadcrumb","itemListElement":[{"@type":"ListItem","position":1,"name":"Strona g\u0142\u00f3wna","item":"https:\/\/mivgo.pl\/sklep\/"},{"@type":"ListItem","position":2,"name":"Sklep","item":"https:\/\/mivgo.pl\/sklep\/sklep\/"},{"@type":"ListItem","position":3,"name":"Inwerter SOFAR 1100TL-G3"}]},{"@type":"WebSite","@id":"https:\/\/mivgo.pl\/sklep\/#website","url":"https:\/\/mivgo.pl\/sklep\/","name":"mivgo.pl","description":"","publisher":{"@id":"https:\/\/mivgo.pl\/sklep\/#organization"},"potentialAction":[{"@type":"SearchAction","target":{"@type":"EntryPoint","urlTemplate":"https:\/\/mivgo.pl\/sklep\/?s={search_term_string}"},"query-input":{"@type":"PropertyValueSpecification","valueRequired":true,"valueName":"search_term_string"}}],"inLanguage":"pl-PL"},{"@type":"Organization","@id":"https:\/\/mivgo.pl\/sklep\/#organization","name":"MIVGO sp. z o.o.","alternateName":"MIVGO","url":"https:\/\/mivgo.pl\/sklep\/","logo":{"@type":"ImageObject","inLanguage":"pl-PL","@id":"https:\/\/mivgo.pl\/sklep\/#\/schema\/logo\/image\/","url":"https:\/\/mivgo.pl\/sklep\/wp-content\/uploads\/2023\/04\/logo-Mivgo.png","contentUrl":"https:\/\/mivgo.pl\/sklep\/wp-content\/uploads\/2023\/04\/logo-Mivgo.png","width":700,"height":700,"caption":"MIVGO sp. z o.o."},"image":{"@id":"https:\/\/mivgo.pl\/sklep\/#\/schema\/logo\/image\/"}}]}},"_links":{"self":[{"href":"https:\/\/mivgo.pl\/sklep\/wp-json\/wp\/v2\/product\/5621","targetHints":{"allow":["GET"]}}],"collection":[{"href":"https:\/\/mivgo.pl\/sklep\/wp-json\/wp\/v2\/product"}],"about":[{"href":"https:\/\/mivgo.pl\/sklep\/wp-json\/wp\/v2\/types\/product"}],"replies":[{"embeddable":true,"href":"https:\/\/mivgo.pl\/sklep\/wp-json\/wp\/v2\/comments?post=5621"}],"wp:featuredmedia":[{"embeddable":true,"href":"https:\/\/mivgo.pl\/sklep\/wp-json\/wp\/v2\/media\/5620"}],"wp:attachment":[{"href":"https:\/\/mivgo.pl\/sklep\/wp-json\/wp\/v2\/media?parent=5621"}],"wp:term":[{"taxonomy":"product_brand","embeddable":true,"href":"https:\/\/mivgo.pl\/sklep\/wp-json\/wp\/v2\/product_brand?post=5621"},{"taxonomy":"product_cat","embeddable":true,"href":"https:\/\/mivgo.pl\/sklep\/wp-json\/wp\/v2\/product_cat?post=5621"},{"taxonomy":"product_tag","embeddable":true,"href":"https:\/\/mivgo.pl\/sklep\/wp-json\/wp\/v2\/product_tag?post=5621"}],"curies":[{"name":"wp","href":"https:\/\/api.w.org\/{rel}","templated":true}]}}