{"id":5493,"date":"2023-04-10T17:02:45","date_gmt":"2023-04-10T15:02:45","guid":{"rendered":"http:\/\/mivgo.pl\/sklep\/?page_id=5493"},"modified":"2024-05-07T01:11:46","modified_gmt":"2024-05-06T23:11:46","slug":"regulamin-konta-klienta","status":"publish","type":"page","link":"https:\/\/mivgo.pl\/sklep\/regulamin-konta-klienta\/","title":{"rendered":"Regulamin konta klienta"},"content":{"rendered":"\n<h2 class=\"wp-block-heading\">1. Definicje<\/h2>\n\n\n\n<p><strong>Konto<\/strong>&nbsp;\u2013 uregulowana w niniejszym regulaminie nieodp\u0142atna funkcja Sklepu (us\u0142uga), dzi\u0119ki kt\u00f3rej Kupuj\u0105cy mo\u017ce za\u0142o\u017cy\u0107 w Sklepie swoje indywidualne Konto.<\/p>\n\n\n\n<p><strong>Kupuj\u0105cy<\/strong>&nbsp;&#8211; ka\u017cdy podmiot kupuj\u0105cy w Sklepie.<\/p>\n\n\n\n<p><strong>Sklep<\/strong>\u00a0\u2013 sklep internetowy Mivgo.pl\/sklep prowadzony przez Sprzedawc\u0119.<\/p>\n\n\n\n<p><strong>Sprzedawca<\/strong>&nbsp;&#8211; MIVGO Sp\u00f3\u0142ka z ograniczon\u0105 odpowiedzialno\u015bci\u0105, z siedzib\u0105 przy ul. Bpa A. Baranauskasa 4\/24, 81-577 Gdynia, NIP: 9581730850, REGON: 524252078, KRS: 0001013914.<\/p>\n\n\n\n<h2 class=\"wp-block-heading\">2. Kontakt ze Sprzedawc\u0105<\/h2>\n\n\n\n<ol class=\"wp-block-list\">\n<li>Adres pocztowy: MIVGO Sp\u00f3\u0142ka z ograniczon\u0105 odpowiedzialno\u015bci\u0105, z siedzib\u0105 przy ul. Bpa A. Baranauskasa 4\/24, 81-577 Gdynia,<\/li>\n\n\n\n<li>Adres e-mail:&nbsp;biuro@mivgo.pl,<\/li>\n\n\n\n<li>Telefon: +48 514-664-609.<\/li>\n<\/ol>\n\n\n\n<h2 class=\"wp-block-heading\">3. Wymagania techniczne<\/h2>\n\n\n\n<ol class=\"wp-block-list\">\n<li>Dla prawid\u0142owego funkcjonowania i za\u0142o\u017cenia Konta potrzebne jest:\n<ul class=\"wp-block-list\">\n<li>aktywne konto e-mail,<\/li>\n\n\n\n<li>urz\u0105dzenie z dost\u0119pem do Internetu,<\/li>\n\n\n\n<li>przegl\u0105darka internetowa obs\u0142uguj\u0105ca JavaScript i pliki cookies.<\/li>\n<\/ul>\n<\/li>\n<\/ol>\n\n\n\n<h2 class=\"wp-block-heading\">4. Konto<\/h2>\n\n\n\n<ol class=\"wp-block-list\">\n<li>Za\u0142o\u017cenie Konta jest ca\u0142kowicie dobrowolne i zale\u017cne od woli Kupuj\u0105cego, ale jednocze\u015bnie konieczne do dokonania zakup\u00f3w w Sklepie.<\/li>\n\n\n\n<li>Konto daje Kupuj\u0105cemu dodatkowe mo\u017cliwo\u015bci, takie jak: przegl\u0105danie historii zam\u00f3wie\u0144 z\u0142o\u017conych przez Kupuj\u0105cego w Sklepie, sprawdzenie statusu zam\u00f3wienia czy samodzielna edycja danych Kupuj\u0105cego.<\/li>\n\n\n\n<li>W celu za\u0142o\u017cenia Konta nale\u017cy wype\u0142ni\u0107 stosowny formularz w Sklepie.<\/li>\n\n\n\n<li>W momencie za\u0142o\u017cenia Konta zawierana jest na czas nieokre\u015blony pomi\u0119dzy Kupuj\u0105cym a Sprzedawc\u0105 umowa w zakresie prowadzenia Konta na zasadach wskazanych w niniejszym regulaminie.<\/li>\n\n\n\n<li>Kupuj\u0105cy mo\u017ce bez ponoszenia jakichkolwiek koszt\u00f3w w ka\u017cdym czasie zrezygnowa\u0107 z Konta.<\/li>\n\n\n\n<li>W celu dokonania rezygnacji z Konta nale\u017cy wys\u0142a\u0107 swoj\u0105 rezygnacj\u0119 do Sprzedawcy na adres<br>e-mail: biuro@mivgo.pl, czego skutkiem b\u0119dzie niezw\u0142oczne usuni\u0119cie Konta oraz rozwi\u0105zanie umowy w zakresie prowadzenia Konta.<\/li>\n<\/ol>\n\n\n\n<h2 class=\"wp-block-heading\">5. Reklamacje<\/h2>\n\n\n\n<ol class=\"wp-block-list\" style=\"list-style-type:1\">\n<li>Reklamacje dotycz\u0105ce funkcjonowania Konta nale\u017cy kierowa\u0107 na adres<br>e-mail&nbsp;biuro@mivgo.pl<\/li>\n\n\n\n<li>Rozpatrzenie reklamacji przez Sprzedawc\u0119 nast\u0105pi w terminie do 14 dni.<\/li>\n<\/ol>\n\n\n\n<h2 class=\"wp-block-heading\">6. Pozas\u0105dowe sposoby rozpatrywania reklamacji i dochodzenia roszcze\u0144<\/h2>\n\n\n\n<ol class=\"wp-block-list\">\n<li>W przypadku gdy post\u0119powanie reklamacyjne nie przyniesie oczekiwanego przez Konsumenta rezultatu Konsument mo\u017ce skorzysta\u0107 m.in. z:\n<ul class=\"wp-block-list\">\n<li>mediacji prowadzonej przez w\u0142a\u015bciwy terenowo Wojew\u00f3dzki Inspektorat Inspekcji Handlowej, do kt\u00f3rego nale\u017cy si\u0119 zwr\u00f3ci\u0107 z wnioskiem o mediacj\u0119. Co do zasady post\u0119powanie jest bezp\u0142atne. Wykaz Inspektorat\u00f3w znajduje si\u0119 tutaj:&nbsp;<a href=\"https:\/\/www.uokik.gov.pl\/wazne_adresy.php#faq595\">https:\/\/www.uokik.gov.pl\/wazne_adresy.php#faq595<\/a>;<\/li>\n\n\n\n<li>pomocy w\u0142a\u015bciwego terenowo sta\u0142ego polubownego s\u0105du konsumenckiego dzia\u0142aj\u0105cego przy Wojew\u00f3dzkim Inspektoracie Inspekcji Handlowej, do kt\u00f3rego nale\u017cy z\u0142o\u017cy\u0107 wniosek o rozpatrzenie sprawy przed s\u0105dem polubownym. Co do zasady post\u0119powanie jest bezp\u0142atne. Wykaz s\u0105d\u00f3w dost\u0119pny jest pod adresem:&nbsp;<a href=\"https:\/\/www.uokik.gov.pl\/wazne_adresy.php#faq596\">https:\/\/www.uokik.gov.pl\/wazne_adresy.php#faq596<\/a>;<\/li>\n\n\n\n<li>bezp\u0142atnej pomocy miejskiego lub powiatowego rzecznika Konsument\u00f3w;<\/li>\n\n\n\n<li>internetowej platformy ODR dost\u0119pnej pod adresem:&nbsp;<a href=\"https:\/\/ec.europa.eu\/consumers\/odr\/main\/?event=main.home.howitworks.\">https:\/\/ec.europa.eu\/consumers\/odr\/main\/?event=main.home.howitworks.<\/a><\/li>\n<\/ul>\n<\/li>\n<\/ol>\n\n\n\n<h2 class=\"wp-block-heading\">7. Dane osobowe<\/h2>\n\n\n\n<ol class=\"wp-block-list\">\n<li>Administratorem danych osobowych przekazanych przez Kupuj\u0105cego podczas korzystania z Konta jest Sprzedawca. Szczeg\u00f3\u0142owe informacje dotycz\u0105ce przetwarzania danych osobowych przez Sprzedawc\u0119 \u2013 w tym o pozosta\u0142ych celach oraz podstawach przetwarzania danych, a tak\u017ce o odbiorcach danych, znajduj\u0105 si\u0119 w dost\u0119pnej w Sklepie Polityce prywatno\u015bci \u2013 ze wzgl\u0119du na zasad\u0119 przejrzysto\u015bci, zawart\u0105 w og\u00f3lnym rozporz\u0105dzeniu Parlamentu Europejskiego i Rady (UE) o ochronie danych \u2013 \u201e<strong>RODO<\/strong>\u201d.<\/li>\n\n\n\n<li>Celem przetwarzania danych Kupuj\u0105cego jest prowadzenie Konta. Podstaw\u0105 przetwarzania danych osobowych w tym przypadku jest umowa o \u015bwiadczenie us\u0142ugi lub dzia\u0142ania podejmowane na \u017c\u0105danie Kupuj\u0105cego, zmierzaj\u0105ce do jej zawarcia (art. 6 ust. 1 lit. b RODO), a tak\u017ce prawnie uzasadniony interes Sprzedawcy, polegaj\u0105cy na przetwarzaniu danych w celu ustalenia, dochodzenia lub obrony ewentualnych roszcze\u0144 (art. 6 ust. 1 lit. f RODO).<\/li>\n\n\n\n<li>Podanie danych przez Kupuj\u0105cego jest dobrowolne, ale jednocze\u015bnie konieczne do prowadzenia Konta. Niepodanie danych oznacza, \u017ce Sprzedawca nie b\u0119dzie m\u00f3g\u0142 \u015bwiadczy\u0107 us\u0142ugi prowadzenia Konta.<\/li>\n\n\n\n<li>Dane Kupuj\u0105cego b\u0119d\u0105 przetwarzane do momentu, w kt\u00f3rym:\n<ul class=\"wp-block-list\">\n<li>Konto zostanie usuni\u0119te przez Kupuj\u0105cego lub Sprzedawc\u0119 na \u017c\u0105danie Kupuj\u0105cego;<\/li>\n\n\n\n<li>ustanie mo\u017cliwo\u015b\u0107 dochodzenia roszcze\u0144 przez Kupuj\u0105cego lub Sprzedawc\u0119, zwi\u0105zanych z Kontem;<\/li>\n\n\n\n<li>zostanie przyj\u0119ty sprzeciw Kupuj\u0105cego wobec przetwarzania jego danych osobowych \u2013 w przypadku gdy podstaw\u0105 przetwarzania danych by\u0142 uzasadniony interes Sprzedawcy.<\/li>\n<\/ul>\n<\/li>\n\n\n\n<li>Kupuj\u0105cemu przys\u0142uguje prawo \u017c\u0105dania:\n<ul class=\"wp-block-list\">\n<li>dost\u0119pu do swoich danych osobowych,<\/li>\n\n\n\n<li>ich sprostowania,<\/li>\n\n\n\n<li>usuni\u0119cia,<\/li>\n\n\n\n<li>ograniczenia przetwarzania,<\/li>\n\n\n\n<li>przeniesienia danych do innego administratora:<\/li>\n\n\n\n<li>wniesienia w dowolnym momencie sprzeciwu wobec przetwarzania danych z przyczyn zwi\u0105zanych ze szczeg\u00f3ln\u0105 sytuacj\u0105 Kupuj\u0105cego \u2013 wobec przetwarzania dotycz\u0105cych go danych osobowych, opartego na art. 6 ust. 1 lit. f RODO (tj. na prawnie uzasadnionych interesach realizowanych przez administratora).<\/li>\n<\/ul>\n<\/li>\n\n\n\n<li>W celu realizacji swoich praw, Kupuj\u0105cy powinien skontaktowa\u0107 si\u0119 ze Sprzedawc\u0105.<\/li>\n\n\n\n<li>W przypadku gdy Kupuj\u0105cy uzna, \u017ce jego dane s\u0105 przetwarzane niezgodnie z prawem, Kupuj\u0105cy mo\u017ce z\u0142o\u017cy\u0107 skarg\u0119 do Prezesa Urz\u0119du Ochrony Danych Osobowych.<\/li>\n<\/ol>\n\n\n\n<h2 class=\"wp-block-heading\">8. Zastrze\u017cenia<\/h2>\n\n\n\n<ol class=\"wp-block-list\">\n<li>Zakazane jest dostarczanie przez Kupuj\u0105cego tre\u015bci o charakterze bezprawnym.<\/li>\n\n\n\n<li>Umowa w zakresie prowadzenia Konta zawierana jest w j\u0119zyku polskim.<\/li>\n\n\n\n<li>W przypadku zaistnienia wa\u017cnych przyczyn, o kt\u00f3rych mowa w ust. 4, Sprzedawca ma prawo do zmiany niniejszego regulaminu Konta.<\/li>\n\n\n\n<li>Wa\u017cnymi przyczynami, o kt\u00f3rych mowa w ust. 3 s\u0105:\n<ul class=\"wp-block-list\">\n<li>konieczno\u015b\u0107 dostosowania Sklepu do przepis\u00f3w prawa maj\u0105cych zastosowanie do dzia\u0142alno\u015bci Sklepu,<\/li>\n\n\n\n<li>poprawa bezpiecze\u0144stwa \u015bwiadczonej us\u0142ugi,<\/li>\n\n\n\n<li>zmiana funkcjonalno\u015bci Konta wymagaj\u0105ca modyfikacji regulaminu Konta.<\/li>\n<\/ul>\n<\/li>\n\n\n\n<li>Kupuj\u0105cy zostanie poinformowany o planowanej zmianie regulaminu Konta co najmniej na 7 dni przed wprowadzeniem zmiany w \u017cycie za po\u015brednictwem wiadomo\u015bci e-mail wys\u0142anej na przypisany do Konta adres.<\/li>\n\n\n\n<li>W przypadku gdy Kupuj\u0105cy nie wyrazi akceptacji dla planowanej zmiany, powinien poinformowa\u0107 o tym Sprzedawc\u0119 poprzez wys\u0142anie odpowiedniej wiadomo\u015bci na adres e-mail Sprzedawcy biuro@mivgo.pl, czego skutkiem b\u0119dzie rozwi\u0105zanie umowy w zakresie prowadzenia Konta z chwil\u0105 wej\u015bcia w \u017cycie planowanej zmiany lub wcze\u015bniej, je\u015bli Kupuj\u0105cy zg\u0142osi takie \u017c\u0105danie.<\/li>\n\n\n\n<li>W sytuacji gdy Kupuj\u0105cy nie wyrazi sprzeciwu dla planowanej zmiany do chwili wej\u015bcia jej w \u017cycie przyjmuje si\u0119, \u017ce akceptuje j\u0105, co nie stanowi \u017cadnej przeszkody do rozwi\u0105zania umowy w przysz\u0142o\u015bci.<\/li>\n\n\n\n<li>W przypadku ewentualnego sporu z Kupuj\u0105cym nie b\u0119d\u0105cym Konsumentem s\u0105dem w\u0142a\u015bciwym b\u0119dzie s\u0105d w\u0142a\u015bciwy dla siedziby Sprzedawcy.<\/li>\n\n\n\n<li>\u017badne z postanowie\u0144 niniejszego regulaminu nie wy\u0142\u0105cza lub w \u017cadnym stopniu nie ogranicza uprawnie\u0144 Konsumenta wynikaj\u0105cych z przepis\u00f3w prawa.<\/li>\n<\/ol>\n","protected":false},"excerpt":{"rendered":"<p>1. Definicje Konto&nbsp;\u2013 uregulowana w niniejszym regulaminie nieodp\u0142atna funkcja Sklepu (us\u0142uga), dzi\u0119ki kt\u00f3rej Kupuj\u0105cy mo\u017ce za\u0142o\u017cy\u0107 w Sklepie swoje indywidualne Konto. Kupuj\u0105cy&nbsp;&#8211; ka\u017cdy podmiot kupuj\u0105cy w Sklepie. Sklep\u00a0\u2013 sklep internetowy<\/p>\n","protected":false},"author":1,"featured_media":0,"parent":0,"menu_order":0,"comment_status":"closed","ping_status":"closed","template":"","meta":{"_acf_changed":false,"footnotes":""},"class_list":["post-5493","page","type-page","status-publish","hentry"],"acf":[],"yoast_head":"<!-- This site is optimized with the Yoast SEO plugin v27.2 - https:\/\/yoast.com\/product\/yoast-seo-wordpress\/ -->\n<title>Regulamin konta klienta - mivgo.pl<\/title>\n<meta name=\"robots\" content=\"index, follow, max-snippet:-1, max-image-preview:large, max-video-preview:-1\" \/>\n<link rel=\"canonical\" href=\"https:\/\/mivgo.pl\/sklep\/regulamin-konta-klienta\/\" \/>\n<meta property=\"og:locale\" content=\"pl_PL\" \/>\n<meta property=\"og:type\" content=\"article\" \/>\n<meta property=\"og:title\" content=\"Regulamin konta klienta - mivgo.pl\" \/>\n<meta property=\"og:description\" content=\"1. Definicje Konto&nbsp;\u2013 uregulowana w niniejszym regulaminie nieodp\u0142atna funkcja Sklepu (us\u0142uga), dzi\u0119ki kt\u00f3rej Kupuj\u0105cy mo\u017ce za\u0142o\u017cy\u0107 w Sklepie swoje indywidualne Konto. Kupuj\u0105cy&nbsp;&#8211; ka\u017cdy podmiot kupuj\u0105cy w Sklepie. Sklep\u00a0\u2013 sklep internetowy\" \/>\n<meta property=\"og:url\" content=\"https:\/\/mivgo.pl\/sklep\/regulamin-konta-klienta\/\" \/>\n<meta property=\"og:site_name\" content=\"mivgo.pl\" \/>\n<meta property=\"article:modified_time\" content=\"2024-05-06T23:11:46+00:00\" \/>\n<meta name=\"twitter:card\" content=\"summary_large_image\" \/>\n<meta name=\"twitter:label1\" content=\"Szacowany czas czytania\" \/>\n\t<meta name=\"twitter:data1\" content=\"5 minut\" \/>\n<script type=\"application\/ld+json\" class=\"yoast-schema-graph\">{\"@context\":\"https:\/\/schema.org\",\"@graph\":[{\"@type\":\"WebPage\",\"@id\":\"https:\/\/mivgo.pl\/sklep\/regulamin-konta-klienta\/\",\"url\":\"https:\/\/mivgo.pl\/sklep\/regulamin-konta-klienta\/\",\"name\":\"Regulamin konta klienta - mivgo.pl\",\"isPartOf\":{\"@id\":\"https:\/\/mivgo.pl\/sklep\/#website\"},\"datePublished\":\"2023-04-10T15:02:45+00:00\",\"dateModified\":\"2024-05-06T23:11:46+00:00\",\"breadcrumb\":{\"@id\":\"https:\/\/mivgo.pl\/sklep\/regulamin-konta-klienta\/#breadcrumb\"},\"inLanguage\":\"pl-PL\",\"potentialAction\":[{\"@type\":\"ReadAction\",\"target\":[\"https:\/\/mivgo.pl\/sklep\/regulamin-konta-klienta\/\"]}]},{\"@type\":\"BreadcrumbList\",\"@id\":\"https:\/\/mivgo.pl\/sklep\/regulamin-konta-klienta\/#breadcrumb\",\"itemListElement\":[{\"@type\":\"ListItem\",\"position\":1,\"name\":\"Strona g\u0142\u00f3wna\",\"item\":\"https:\/\/mivgo.pl\/sklep\/\"},{\"@type\":\"ListItem\",\"position\":2,\"name\":\"Regulamin konta klienta\"}]},{\"@type\":\"WebSite\",\"@id\":\"https:\/\/mivgo.pl\/sklep\/#website\",\"url\":\"https:\/\/mivgo.pl\/sklep\/\",\"name\":\"mivgo.pl\",\"description\":\"\",\"publisher\":{\"@id\":\"https:\/\/mivgo.pl\/sklep\/#organization\"},\"potentialAction\":[{\"@type\":\"SearchAction\",\"target\":{\"@type\":\"EntryPoint\",\"urlTemplate\":\"https:\/\/mivgo.pl\/sklep\/?s={search_term_string}\"},\"query-input\":{\"@type\":\"PropertyValueSpecification\",\"valueRequired\":true,\"valueName\":\"search_term_string\"}}],\"inLanguage\":\"pl-PL\"},{\"@type\":\"Organization\",\"@id\":\"https:\/\/mivgo.pl\/sklep\/#organization\",\"name\":\"MIVGO sp. z o.o.\",\"alternateName\":\"MIVGO\",\"url\":\"https:\/\/mivgo.pl\/sklep\/\",\"logo\":{\"@type\":\"ImageObject\",\"inLanguage\":\"pl-PL\",\"@id\":\"https:\/\/mivgo.pl\/sklep\/#\/schema\/logo\/image\/\",\"url\":\"https:\/\/mivgo.pl\/sklep\/wp-content\/uploads\/2023\/04\/logo-Mivgo.png\",\"contentUrl\":\"https:\/\/mivgo.pl\/sklep\/wp-content\/uploads\/2023\/04\/logo-Mivgo.png\",\"width\":700,\"height\":700,\"caption\":\"MIVGO sp. z o.o.\"},\"image\":{\"@id\":\"https:\/\/mivgo.pl\/sklep\/#\/schema\/logo\/image\/\"}}]}<\/script>\n<!-- \/ Yoast SEO plugin. -->","yoast_head_json":{"title":"Regulamin konta klienta - mivgo.pl","robots":{"index":"index","follow":"follow","max-snippet":"max-snippet:-1","max-image-preview":"max-image-preview:large","max-video-preview":"max-video-preview:-1"},"canonical":"https:\/\/mivgo.pl\/sklep\/regulamin-konta-klienta\/","og_locale":"pl_PL","og_type":"article","og_title":"Regulamin konta klienta - mivgo.pl","og_description":"1. Definicje Konto&nbsp;\u2013 uregulowana w niniejszym regulaminie nieodp\u0142atna funkcja Sklepu (us\u0142uga), dzi\u0119ki kt\u00f3rej Kupuj\u0105cy mo\u017ce za\u0142o\u017cy\u0107 w Sklepie swoje indywidualne Konto. Kupuj\u0105cy&nbsp;&#8211; ka\u017cdy podmiot kupuj\u0105cy w Sklepie. Sklep\u00a0\u2013 sklep internetowy","og_url":"https:\/\/mivgo.pl\/sklep\/regulamin-konta-klienta\/","og_site_name":"mivgo.pl","article_modified_time":"2024-05-06T23:11:46+00:00","twitter_card":"summary_large_image","twitter_misc":{"Szacowany czas czytania":"5 minut"},"schema":{"@context":"https:\/\/schema.org","@graph":[{"@type":"WebPage","@id":"https:\/\/mivgo.pl\/sklep\/regulamin-konta-klienta\/","url":"https:\/\/mivgo.pl\/sklep\/regulamin-konta-klienta\/","name":"Regulamin konta klienta - mivgo.pl","isPartOf":{"@id":"https:\/\/mivgo.pl\/sklep\/#website"},"datePublished":"2023-04-10T15:02:45+00:00","dateModified":"2024-05-06T23:11:46+00:00","breadcrumb":{"@id":"https:\/\/mivgo.pl\/sklep\/regulamin-konta-klienta\/#breadcrumb"},"inLanguage":"pl-PL","potentialAction":[{"@type":"ReadAction","target":["https:\/\/mivgo.pl\/sklep\/regulamin-konta-klienta\/"]}]},{"@type":"BreadcrumbList","@id":"https:\/\/mivgo.pl\/sklep\/regulamin-konta-klienta\/#breadcrumb","itemListElement":[{"@type":"ListItem","position":1,"name":"Strona g\u0142\u00f3wna","item":"https:\/\/mivgo.pl\/sklep\/"},{"@type":"ListItem","position":2,"name":"Regulamin konta klienta"}]},{"@type":"WebSite","@id":"https:\/\/mivgo.pl\/sklep\/#website","url":"https:\/\/mivgo.pl\/sklep\/","name":"mivgo.pl","description":"","publisher":{"@id":"https:\/\/mivgo.pl\/sklep\/#organization"},"potentialAction":[{"@type":"SearchAction","target":{"@type":"EntryPoint","urlTemplate":"https:\/\/mivgo.pl\/sklep\/?s={search_term_string}"},"query-input":{"@type":"PropertyValueSpecification","valueRequired":true,"valueName":"search_term_string"}}],"inLanguage":"pl-PL"},{"@type":"Organization","@id":"https:\/\/mivgo.pl\/sklep\/#organization","name":"MIVGO sp. z o.o.","alternateName":"MIVGO","url":"https:\/\/mivgo.pl\/sklep\/","logo":{"@type":"ImageObject","inLanguage":"pl-PL","@id":"https:\/\/mivgo.pl\/sklep\/#\/schema\/logo\/image\/","url":"https:\/\/mivgo.pl\/sklep\/wp-content\/uploads\/2023\/04\/logo-Mivgo.png","contentUrl":"https:\/\/mivgo.pl\/sklep\/wp-content\/uploads\/2023\/04\/logo-Mivgo.png","width":700,"height":700,"caption":"MIVGO sp. z o.o."},"image":{"@id":"https:\/\/mivgo.pl\/sklep\/#\/schema\/logo\/image\/"}}]}},"_links":{"self":[{"href":"https:\/\/mivgo.pl\/sklep\/wp-json\/wp\/v2\/pages\/5493","targetHints":{"allow":["GET"]}}],"collection":[{"href":"https:\/\/mivgo.pl\/sklep\/wp-json\/wp\/v2\/pages"}],"about":[{"href":"https:\/\/mivgo.pl\/sklep\/wp-json\/wp\/v2\/types\/page"}],"author":[{"embeddable":true,"href":"https:\/\/mivgo.pl\/sklep\/wp-json\/wp\/v2\/users\/1"}],"replies":[{"embeddable":true,"href":"https:\/\/mivgo.pl\/sklep\/wp-json\/wp\/v2\/comments?post=5493"}],"version-history":[{"count":2,"href":"https:\/\/mivgo.pl\/sklep\/wp-json\/wp\/v2\/pages\/5493\/revisions"}],"predecessor-version":[{"id":5630,"href":"https:\/\/mivgo.pl\/sklep\/wp-json\/wp\/v2\/pages\/5493\/revisions\/5630"}],"wp:attachment":[{"href":"https:\/\/mivgo.pl\/sklep\/wp-json\/wp\/v2\/media?parent=5493"}],"curies":[{"name":"wp","href":"https:\/\/api.w.org\/{rel}","templated":true}]}}