{"id":2494,"date":"2016-03-09T05:41:44","date_gmt":"2016-03-09T05:41:44","guid":{"rendered":"https:\/\/demo2.chethemes.com\/electro\/?page_id=2494"},"modified":"2024-05-01T01:53:34","modified_gmt":"2024-04-30T23:53:34","slug":"about","status":"publish","type":"page","link":"https:\/\/mivgo.pl\/sklep\/about\/","title":{"rendered":"O nas"},"content":{"rendered":"<section class=\"wpb-content-wrapper\"><p>[vc_row el_class=&#8221;about-features inner-top-md inner-bottom-sm&#8221;][vc_column width=&#8221;1\/3&#8243; css=&#8221;.vc_custom_1457518924264{margin-bottom: 0px !important;}&#8221;][vc_column_text css=&#8221;.vc_custom_1714521209289{margin-bottom: 30px !important;}&#8221;]<\/p>\n<h2 class=\"align-top\">Czym jeste\u015bmy?<\/h2>\n<p>Jeste\u015bmy podmiotem prawnym, w formie sp\u00f3\u0142ki pod skr\u00f3con\u0105 nazw\u0105 MIVGO sp. z o.o. Strona MIVGO\/sklep prezentuje sklep internetowy, na kt\u00f3rej przedstawiamy asortyment przeznaczony od sprzeda\u017cy wysy\u0142kowej.[\/vc_column_text][\/vc_column][vc_column width=&#8221;1\/3&#8243; css=&#8221;.vc_custom_1457518934943{margin-bottom: 0px !important;}&#8221;][vc_column_text css=&#8221;.vc_custom_1714520333086{margin-bottom: 30px !important;}&#8221;]<\/p>\n<h2 class=\"align-top\">Nasza wizja<\/h2>\n<p>Pragniemy przedstawi\u0107 dobr\u0105 ofert\u0119 produkt\u00f3w, poszerzaj\u0105c z ka\u017cdym kolejnym dnie jej zakres. Budujemy zgrany zesp\u00f3\u0142, kt\u00f3ry dok\u0142adna wszelkich stara\u0144, aby sprosta\u0107 Pa\u0144stwa oczekiwania.[\/vc_column_text][\/vc_column][vc_column width=&#8221;1\/3&#8243; css=&#8221;.vc_custom_1457518945335{margin-bottom: 0px !important;}&#8221;][vc_column_text css=&#8221;.vc_custom_1714520619138{margin-bottom: 30px !important;}&#8221;]<\/p>\n<h2 class=\"align-top\">Historia pocz\u0105tku<\/h2>\n<p>Nasz zesp\u00f3\u0142 posiada wieloletnie do\u015bwiadczenie elektrycznej. Od roku 2020 zdobywali\u015bmy do\u015bwiadczenie w sprzeda\u017cy produkt\u00f3w i us\u0142ug. Sklep powsta\u0142 w 2023 roku. Zam\u00f3wienie realizujemy w formie wysy\u0142kowej. Zapraszamy do zakup\u00f3w.[\/vc_column_text][\/vc_column][\/vc_row][vc_row full_width=&#8221;stretch_row&#8221; el_class=&#8221;light-bg team-member-wrapper&#8221; css=&#8221;.vc_custom_1680911699598{margin-bottom: 35px !important;}&#8221;][vc_column width=&#8221;1\/6&#8243;][\/vc_column][vc_column width=&#8221;1\/6&#8243;]\n<div class=\"team-member circle\">\n\t\t<div class=\"profile\">\n\t\t<h3>\u0141ukasz Janaczek <small class=\"description\">Prezes Zarz\u0105du \/ CEO<\/small><\/h3>\n\t<\/div>\n<\/div>\n[\/vc_column][vc_column width=&#8221;1\/6&#8243;]\n<div class=\"team-member \">\n\t\t<div class=\"profile\">\n\t\t<h3>Oskar Kowalski <small class=\"description\">Kierownik dzia\u0142u handlu<\/small><\/h3>\n\t<\/div>\n<\/div>\n[\/vc_column][vc_column width=&#8221;1\/6&#8243;]\n<div class=\"team-member circle\">\n\t\t<div class=\"profile\">\n\t\t<h3>Maja Pikiewicz <small class=\"description\">Kierownik dzia\u0142u sprzeda\u017cy<\/small><\/h3>\n\t<\/div>\n<\/div>\n[\/vc_column][vc_column width=&#8221;1\/6&#8243;][\/vc_column][vc_column width=&#8221;1\/6&#8243;][\/vc_column][\/vc_row][vc_row el_class=&#8221;inner-sm&#8221;][vc_column width=&#8221;7\/12&#8243; el_class=&#8221;text-boxes&#8221;][vc_row_inner el_class=&#8221;inner-bottom-xs&#8221;][vc_column_inner width=&#8221;1\/2&#8243;][vc_column_text]<\/p>\n<h3 class=\"highlight\">Wsp\u00f3\u0142praca<\/h3>\n<p>Je\u015bli jeste\u015b producentem, dostawc\u0105 lub importerem produkt\u00f3w, kt\u00f3ry mo\u017cemy zaoferowa\u0107 naszym klientom to zapraszamy do wsp\u00f3\u0142pracy.[\/vc_column_text][\/vc_column_inner][vc_column_inner width=&#8221;1\/2&#8243;][\/vc_column_inner][\/vc_row_inner][\/vc_column][vc_column width=&#8221;5\/12&#8243; el_class=&#8221;wpb-accordion&#8221;][vc_tta_accordion shape=&#8221;square&#8221; color=&#8221;white&#8221; active_section=&#8221;1&#8243; title=&#8221;W czym mo\u017cemy pom\u00f3c?&#8221; el_class=&#8221;wpb_accordion_heading&#8221;][vc_tta_section title=&#8221;Wsparcie 24\/7&#8243; tab_id=&#8221;1457421867768-730a628b-1468&#8243;][vc_column_text]Masz pytania lub uwagi to prosimy o kontakt. Nasz zesp\u00f3\u0142 postara si\u0119 bardzo szybko udzieli\u0107 odpowiedzi. Kontakt telefoniczny mo\u017cliwy jest w godzinach pracy obs\u0142ugi sklepu. Kontakt w formie poczty elektronicznej mo\u017cliwy jest bez ogranicze\u0144 czasowych.[\/vc_column_text][\/vc_tta_section][vc_tta_section title=&#8221;Najwy\u017csza jako\u015b\u0107&#8221; tab_id=&#8221;1457421867891-00618bbe-81b3&#8243;][vc_column_text]Staramy si\u0119 oferowa\u0107 produkty dobrej jako\u015bci i sprawdzone.[\/vc_column_text][\/vc_tta_section][vc_tta_section title=&#8221;Szybka dostawa&#8221; tab_id=&#8221;1457422007417-d8a52c69-9fbe&#8221;][vc_column_text]Staramy si\u0119 zapewni\u0107 szybk\u0105 dostaw\u0119. Wiemy jak wa\u017cne jest to aby klient dosta\u0142 zakupiony towar jak najszybciej. Czas dostawy to cz\u0119sto kilka dni, zale\u017cny od towaru, ilo\u015bci, obci\u0105\u017cenia zam\u00f3wieniami oraz dniem tygodnia.[\/vc_column_text][\/vc_tta_section][vc_tta_section title=&#8221;Obs\u0142uga klienta&#8221; tab_id=&#8221;1457422038772-dd7f7be8-c730&#8243;][vc_column_text]Nasza najlepsza cecha. Jeste\u015bmy ma\u0142ym zespo\u0142em, kt\u00f3ry ceni dobry kontaktu i uczciwo\u015b\u0107.[\/vc_column_text][\/vc_tta_section][vc_tta_section title=&#8221;Magazyn&#8221; tab_id=&#8221;1714520885167-d6498043-872c&#8221;][vc_column_text]Dysponujemy w\u0142asnym magazynem w miejscowo\u015bci Karnkowskie Rumunki (okolica miejscowo\u015bci Lipno), w wojew\u00f3dztwie kujawsko-pomorskim. Ponadto wsp\u00f3\u0142pracujemy z magazynami w innych miastach, w Polsce. W przypadku odbioru osobistego wymagany jest kontakt, w celu weryfikacji dost\u0119pno\u015bci towaru w danej lokalizacji.[\/vc_column_text][\/vc_tta_section][\/vc_tta_accordion][\/vc_column][\/vc_row]<\/p>\n<\/section>","protected":false},"excerpt":{"rendered":"<p>[vc_row el_class=&#8221;about-features inner-top-md inner-bottom-sm&#8221;][vc_column width=&#8221;1\/3&#8243; css=&#8221;.vc_custom_1457518924264{margin-bottom: 0px !important;}&#8221;][vc_column_text css=&#8221;.vc_custom_1714521209289{margin-bottom: 30px !important;}&#8221;] Czym jeste\u015bmy? Jeste\u015bmy podmiotem prawnym, w formie sp\u00f3\u0142ki pod skr\u00f3con\u0105 nazw\u0105 MIVGO sp. z o.o. Strona MIVGO\/sklep prezentuje sklep<\/p>\n","protected":false},"author":1,"featured_media":0,"parent":0,"menu_order":0,"comment_status":"closed","ping_status":"closed","template":"","meta":{"_acf_changed":false,"footnotes":""},"class_list":["post-2494","page","type-page","status-publish","hentry"],"acf":[],"yoast_head":"<!-- This site is optimized with the Yoast SEO plugin v27.2 - https:\/\/yoast.com\/product\/yoast-seo-wordpress\/ -->\n<title>O nas - mivgo.pl<\/title>\n<meta name=\"robots\" content=\"index, follow, max-snippet:-1, max-image-preview:large, max-video-preview:-1\" \/>\n<link rel=\"canonical\" href=\"https:\/\/mivgo.pl\/sklep\/about\/\" \/>\n<meta property=\"og:locale\" content=\"pl_PL\" \/>\n<meta property=\"og:type\" content=\"article\" \/>\n<meta property=\"og:title\" content=\"O nas - mivgo.pl\" \/>\n<meta property=\"og:description\" content=\"[vc_row el_class=&#8221;about-features inner-top-md inner-bottom-sm&#8221;][vc_column width=&#8221;1\/3&#8243; css=&#8221;.vc_custom_1457518924264{margin-bottom: 0px !important;}&#8221;][vc_column_text css=&#8221;.vc_custom_1714521209289{margin-bottom: 30px !important;}&#8221;] Czym jeste\u015bmy? Jeste\u015bmy podmiotem prawnym, w formie sp\u00f3\u0142ki pod skr\u00f3con\u0105 nazw\u0105 MIVGO sp. z o.o. Strona MIVGO\/sklep prezentuje sklep\" \/>\n<meta property=\"og:url\" content=\"https:\/\/mivgo.pl\/sklep\/about\/\" \/>\n<meta property=\"og:site_name\" content=\"mivgo.pl\" \/>\n<meta property=\"article:modified_time\" content=\"2024-04-30T23:53:34+00:00\" \/>\n<meta name=\"twitter:card\" content=\"summary_large_image\" \/>\n<meta name=\"twitter:label1\" content=\"Szacowany czas czytania\" \/>\n\t<meta name=\"twitter:data1\" content=\"3 minuty\" \/>\n<script type=\"application\/ld+json\" class=\"yoast-schema-graph\">{\"@context\":\"https:\/\/schema.org\",\"@graph\":[{\"@type\":\"WebPage\",\"@id\":\"https:\/\/mivgo.pl\/sklep\/about\/\",\"url\":\"https:\/\/mivgo.pl\/sklep\/about\/\",\"name\":\"O nas - mivgo.pl\",\"isPartOf\":{\"@id\":\"https:\/\/mivgo.pl\/sklep\/#website\"},\"datePublished\":\"2016-03-09T05:41:44+00:00\",\"dateModified\":\"2024-04-30T23:53:34+00:00\",\"breadcrumb\":{\"@id\":\"https:\/\/mivgo.pl\/sklep\/about\/#breadcrumb\"},\"inLanguage\":\"pl-PL\",\"potentialAction\":[{\"@type\":\"ReadAction\",\"target\":[\"https:\/\/mivgo.pl\/sklep\/about\/\"]}]},{\"@type\":\"BreadcrumbList\",\"@id\":\"https:\/\/mivgo.pl\/sklep\/about\/#breadcrumb\",\"itemListElement\":[{\"@type\":\"ListItem\",\"position\":1,\"name\":\"Strona g\u0142\u00f3wna\",\"item\":\"https:\/\/mivgo.pl\/sklep\/\"},{\"@type\":\"ListItem\",\"position\":2,\"name\":\"O nas\"}]},{\"@type\":\"WebSite\",\"@id\":\"https:\/\/mivgo.pl\/sklep\/#website\",\"url\":\"https:\/\/mivgo.pl\/sklep\/\",\"name\":\"mivgo.pl\",\"description\":\"\",\"publisher\":{\"@id\":\"https:\/\/mivgo.pl\/sklep\/#organization\"},\"potentialAction\":[{\"@type\":\"SearchAction\",\"target\":{\"@type\":\"EntryPoint\",\"urlTemplate\":\"https:\/\/mivgo.pl\/sklep\/?s={search_term_string}\"},\"query-input\":{\"@type\":\"PropertyValueSpecification\",\"valueRequired\":true,\"valueName\":\"search_term_string\"}}],\"inLanguage\":\"pl-PL\"},{\"@type\":\"Organization\",\"@id\":\"https:\/\/mivgo.pl\/sklep\/#organization\",\"name\":\"MIVGO sp. z o.o.\",\"alternateName\":\"MIVGO\",\"url\":\"https:\/\/mivgo.pl\/sklep\/\",\"logo\":{\"@type\":\"ImageObject\",\"inLanguage\":\"pl-PL\",\"@id\":\"https:\/\/mivgo.pl\/sklep\/#\/schema\/logo\/image\/\",\"url\":\"https:\/\/mivgo.pl\/sklep\/wp-content\/uploads\/2023\/04\/logo-Mivgo.png\",\"contentUrl\":\"https:\/\/mivgo.pl\/sklep\/wp-content\/uploads\/2023\/04\/logo-Mivgo.png\",\"width\":700,\"height\":700,\"caption\":\"MIVGO sp. z o.o.\"},\"image\":{\"@id\":\"https:\/\/mivgo.pl\/sklep\/#\/schema\/logo\/image\/\"}}]}<\/script>\n<!-- \/ Yoast SEO plugin. -->","yoast_head_json":{"title":"O nas - mivgo.pl","robots":{"index":"index","follow":"follow","max-snippet":"max-snippet:-1","max-image-preview":"max-image-preview:large","max-video-preview":"max-video-preview:-1"},"canonical":"https:\/\/mivgo.pl\/sklep\/about\/","og_locale":"pl_PL","og_type":"article","og_title":"O nas - mivgo.pl","og_description":"[vc_row el_class=&#8221;about-features inner-top-md inner-bottom-sm&#8221;][vc_column width=&#8221;1\/3&#8243; css=&#8221;.vc_custom_1457518924264{margin-bottom: 0px !important;}&#8221;][vc_column_text css=&#8221;.vc_custom_1714521209289{margin-bottom: 30px !important;}&#8221;] Czym jeste\u015bmy? Jeste\u015bmy podmiotem prawnym, w formie sp\u00f3\u0142ki pod skr\u00f3con\u0105 nazw\u0105 MIVGO sp. z o.o. Strona MIVGO\/sklep prezentuje sklep","og_url":"https:\/\/mivgo.pl\/sklep\/about\/","og_site_name":"mivgo.pl","article_modified_time":"2024-04-30T23:53:34+00:00","twitter_card":"summary_large_image","twitter_misc":{"Szacowany czas czytania":"3 minuty"},"schema":{"@context":"https:\/\/schema.org","@graph":[{"@type":"WebPage","@id":"https:\/\/mivgo.pl\/sklep\/about\/","url":"https:\/\/mivgo.pl\/sklep\/about\/","name":"O nas - mivgo.pl","isPartOf":{"@id":"https:\/\/mivgo.pl\/sklep\/#website"},"datePublished":"2016-03-09T05:41:44+00:00","dateModified":"2024-04-30T23:53:34+00:00","breadcrumb":{"@id":"https:\/\/mivgo.pl\/sklep\/about\/#breadcrumb"},"inLanguage":"pl-PL","potentialAction":[{"@type":"ReadAction","target":["https:\/\/mivgo.pl\/sklep\/about\/"]}]},{"@type":"BreadcrumbList","@id":"https:\/\/mivgo.pl\/sklep\/about\/#breadcrumb","itemListElement":[{"@type":"ListItem","position":1,"name":"Strona g\u0142\u00f3wna","item":"https:\/\/mivgo.pl\/sklep\/"},{"@type":"ListItem","position":2,"name":"O nas"}]},{"@type":"WebSite","@id":"https:\/\/mivgo.pl\/sklep\/#website","url":"https:\/\/mivgo.pl\/sklep\/","name":"mivgo.pl","description":"","publisher":{"@id":"https:\/\/mivgo.pl\/sklep\/#organization"},"potentialAction":[{"@type":"SearchAction","target":{"@type":"EntryPoint","urlTemplate":"https:\/\/mivgo.pl\/sklep\/?s={search_term_string}"},"query-input":{"@type":"PropertyValueSpecification","valueRequired":true,"valueName":"search_term_string"}}],"inLanguage":"pl-PL"},{"@type":"Organization","@id":"https:\/\/mivgo.pl\/sklep\/#organization","name":"MIVGO sp. z o.o.","alternateName":"MIVGO","url":"https:\/\/mivgo.pl\/sklep\/","logo":{"@type":"ImageObject","inLanguage":"pl-PL","@id":"https:\/\/mivgo.pl\/sklep\/#\/schema\/logo\/image\/","url":"https:\/\/mivgo.pl\/sklep\/wp-content\/uploads\/2023\/04\/logo-Mivgo.png","contentUrl":"https:\/\/mivgo.pl\/sklep\/wp-content\/uploads\/2023\/04\/logo-Mivgo.png","width":700,"height":700,"caption":"MIVGO sp. z o.o."},"image":{"@id":"https:\/\/mivgo.pl\/sklep\/#\/schema\/logo\/image\/"}}]}},"_links":{"self":[{"href":"https:\/\/mivgo.pl\/sklep\/wp-json\/wp\/v2\/pages\/2494","targetHints":{"allow":["GET"]}}],"collection":[{"href":"https:\/\/mivgo.pl\/sklep\/wp-json\/wp\/v2\/pages"}],"about":[{"href":"https:\/\/mivgo.pl\/sklep\/wp-json\/wp\/v2\/types\/page"}],"author":[{"embeddable":true,"href":"https:\/\/mivgo.pl\/sklep\/wp-json\/wp\/v2\/users\/1"}],"replies":[{"embeddable":true,"href":"https:\/\/mivgo.pl\/sklep\/wp-json\/wp\/v2\/comments?post=2494"}],"version-history":[{"count":13,"href":"https:\/\/mivgo.pl\/sklep\/wp-json\/wp\/v2\/pages\/2494\/revisions"}],"predecessor-version":[{"id":5616,"href":"https:\/\/mivgo.pl\/sklep\/wp-json\/wp\/v2\/pages\/2494\/revisions\/5616"}],"wp:attachment":[{"href":"https:\/\/mivgo.pl\/sklep\/wp-json\/wp\/v2\/media?parent=2494"}],"curies":[{"name":"wp","href":"https:\/\/api.w.org\/{rel}","templated":true}]}}